{"id":323,"date":"2017-10-11T22:29:13","date_gmt":"2017-10-11T22:29:13","guid":{"rendered":"http:\/\/levysalis.com\/contact-us\/"},"modified":"2025-05-23T17:48:53","modified_gmt":"2025-05-23T17:48:53","slug":"montreal","status":"publish","type":"page","link":"https:\/\/levysalis.com\/fr\/montreal\/","title":{"rendered":"Montr\u00e9al"},"content":{"rendered":"<div  class=\"fusion-fullwidth fullwidth-box fusion-parallax-none contact_page_banner nonhundred-percent-fullwidth\"  style='background-color: rgba(255,255,255,0);background-image: url(\"http:\/\/levysalis.com\/wp-content\/uploads\/2018\/02\/montreal.jpg\");background-position: center center;background-repeat: no-repeat;padding-top:150px;padding-right:0px;padding-bottom:120px;padding-left:0px;-webkit-background-size:cover;-moz-background-size:cover;-o-background-size:cover;background-size:cover;background-attachment:none;'><div class=\"fusion-builder-row fusion-row \"><div  class=\"fusion-layout-column fusion_builder_column fusion_builder_column_1_1  fusion-one-full fusion-column-first fusion-column-last 1_1\"  style='margin-top:0px;margin-bottom:20px;'>\n\t\t\t\t\t<div class=\"fusion-column-wrapper\" style=\"background-position:left top;background-repeat:no-repeat;-webkit-background-size:cover;-moz-background-size:cover;-o-background-size:cover;background-size:cover;\"  data-bg-url=\"\">\n\t\t\t\t\t\t<div class=\"fusion-title title fusion-sep-none fusion-title-center fusion-title-size-one\" style=\"margin-top:0px;margin-bottom:31px;\"><h1 class=\"title-heading-center\">Montr\u00e9al<\/h1><\/div><div class=\"fusion-clearfix\"><\/div>\n\n\t\t\t\t\t<\/div>\n\t\t\t\t<\/div><\/div><\/div><div  class=\"fusion-fullwidth fullwidth-box nonhundred-percent-fullwidth\"  style='background-color: rgba(255,255,255,0);background-position: center center;background-repeat: no-repeat;padding-top:0px;padding-right:0px;padding-bottom:0px;padding-left:0px;margin-top: 100px;'><div class=\"fusion-builder-row fusion-row \"><div  class=\"fusion-layout-column fusion_builder_column fusion_builder_column_1_3  fusion-one-third fusion-column-first fusion-blend-mode black-box 1_3\"  style='margin-top:0px;margin-bottom:20px;width:33.33%;width:calc(33.33% - ( ( 4% ) * 0.3333 ) );margin-right: 4%;'>\n\t\t\t\t\t<div class=\"fusion-column-wrapper\" style=\"background-color:#111111;padding: 37px 40px 10px 40px;background-position:left top;background-repeat:no-repeat;-webkit-background-size:cover;-moz-background-size:cover;-o-background-size:cover;background-size:cover;\"  data-bg-url=\"\">\n\t\t\t\t\t\t<div class=\"fusion-title title fusion-sep-none fusion-title-size-one\" style=\"margin-top:0px;margin-bottom:31px;\"><h1 class=\"title-heading-left\"><h1 class=\"blurb-title\">NOUVEAU Bureau de Montr\u00e9al<\/h1><\/h1><\/div><div class=\"fusion-sep-clear\"><\/div><div class=\"fusion-separator sep-single sep-solid\" style=\"border-color:#d4d4d4;border-top-width:2px;margin-top:0px;margin-bottom:20px;width:100%;max-width:30px;\"><\/div><p class=\"blurb\"><strong>Nous sommes ravis d&rsquo;annoncer qu&rsquo;\u00e0 compter du 19 avril 2024, Levy Salis SENCRL a officiellement d\u00e9m\u00e9nag\u00e9 dans de nouveaux locaux !<br \/>\n<strong>Nous vous remercions de votre soutien et de votre confiance. Nous nous r\u00e9jouissons de vous accueillir dans nos nouveaux locaux.<\/strong><\/strong><\/p>\n<div class=\"fusion-sep-clear\"><\/div><div class=\"fusion-separator sep-single sep-solid\" style=\"border-color:#d4d4d4;border-top-width:2px;margin-top:0px;margin-bottom:20px;width:100%;max-width:30px;\"><\/div><p class=\"blurb\"><strong>Telephone number:<\/strong><a href=\"tel:+15149408070\">+1 514 940 8070<\/a><br \/>\n<strong>General Email: <\/strong><a href=\"mailto:info@levysalis.com\">info@levysalis.com<\/a><br \/>\n<strong>Website: <\/strong><a href=\"http:\/\/levysalis.com\/\">levysalis.com<\/a><\/p>\n<p class=\"blurb\"><a href=\"tel:+15149408070\">+1 514 940 8070<\/a><br \/>\n<a href=\"mailto:info@levysalis.com\">info@levysalis.com<\/a><br \/>\n<a href=\"http:\/\/levysalis.com\/\">levysalis.com<\/a><\/p>\n<p class=\"blurb\">2047 Mansfield St,<br \/>\n3<sup>\u00e8me<\/sup> \u00e9tage,<br \/>\nMontr\u00e9al<br \/>\nQu\u00e9bec, H3A 1Y7<\/p>\n<div class=\"fusion-sep-clear\"><\/div><div class=\"fusion-separator sep-single sep-solid\" style=\"border-color:#d4d4d4;border-top-width:2px;margin-top:0px;margin-bottom:20px;width:100%;max-width:30px;\"><\/div><p class=\"blurb\"><strong>Our offices:<\/strong><\/p>\n<ul>\n<li><a class=\"blurb\" href=\"https:\/\/levysalis.com\/fr\/montreal\/\">Montreal, QC<\/a><\/li>\n<li><a class=\"blurb\" href=\"https:\/\/levysalis.com\/fr\/toronto\/\">Toronto, ON<\/a><\/li>\n<li><a class=\"blurb\" href=\"https:\/\/levysalis.com\/fr\/ft-lauderdale\/\">Ft. Lauderdale, FL<\/a><\/li>\n<li><a class=\"blurb\" href=\"https:\/\/levysalis.com\/fr\/tel-aviv\/\">Tel Aviv, IL<\/a><\/li>\n<\/ul>\n<p class=\"blurb\"><a class=\"fancybox-inline\" href=\"#request_consulatation\"><strong>Request a Consultation<\/strong><\/a><\/p>\n<div class=\"fusion-social-links\"><div class=\"fusion-social-networks\"><div class=\"fusion-social-networks-wrapper\"><a class=\"fusion-social-network-icon fusion-tooltip fusion-facebook fusion-icon-facebook\" style=\"color:#bebdbd;\" aria-label=\"fusion-facebook\" target=\"_blank\" rel=\"noopener noreferrer\" href=\"https:\/\/www.facebook.com\/LevySalisLLP\" data-placement=\"top\" data-title=\"Facebook\" data-toggle=\"tooltip\" title=\"Facebook\"><\/a><a class=\"fusion-social-network-icon fusion-tooltip fusion-linkedin fusion-icon-linkedin\" style=\"color:#bebdbd;\" aria-label=\"fusion-linkedin\" target=\"_blank\" rel=\"noopener noreferrer\" href=\"https:\/\/www.linkedin.com\/company\/levy-salis-l-l-p\/\" data-placement=\"top\" data-title=\"Linkedin\" data-toggle=\"tooltip\" title=\"Linkedin\"><\/a><a class=\"fusion-social-network-icon fusion-tooltip fusion-instagram fusion-icon-instagram\" style=\"color:#bebdbd;\" aria-label=\"fusion-instagram\" target=\"_blank\" rel=\"noopener noreferrer\" href=\"https:\/\/www.instagram.com\/levysalis\/\" data-placement=\"top\" data-title=\"Instagram\" data-toggle=\"tooltip\" title=\"Instagram\"><\/a><\/div><\/div><\/div><div class=\"fusion-clearfix\"><\/div>\n\n\t\t\t\t\t<\/div>\n\t\t\t\t<\/div><div  class=\"fusion-layout-column fusion_builder_column fusion_builder_column_2_3  fusion-two-third fusion-column-last contact_page_form 2_3\"  style='margin-top:0px;margin-bottom:20px;width:66.66%;width:calc(66.66% - ( ( 4% ) * 0.6666 ) );'>\n\t\t\t\t\t<div class=\"fusion-column-wrapper\" style=\"background-position:left top;background-repeat:no-repeat;-webkit-background-size:cover;-moz-background-size:cover;-o-background-size:cover;background-size:cover;\"  data-bg-url=\"\">\n\t\t\t\t\t\t\n<div class=\"wpcf7 no-js\" id=\"wpcf7-f6-o1\" lang=\"en-US\" dir=\"ltr\" data-wpcf7-id=\"6\">\n<div class=\"screen-reader-response\"><p role=\"status\" aria-live=\"polite\" aria-atomic=\"true\"><\/p> <ul><\/ul><\/div>\n<form action=\"\/fr\/wp-json\/wp\/v2\/pages\/323#wpcf7-f6-o1\" method=\"post\" class=\"wpcf7-form init\" aria-label=\"Contact form\" novalidate=\"novalidate\" data-status=\"init\">\n<fieldset class=\"hidden-fields-container\"><input type=\"hidden\" name=\"_wpcf7\" value=\"6\" \/><input type=\"hidden\" name=\"_wpcf7_version\" value=\"6.1.4\" \/><input type=\"hidden\" name=\"_wpcf7_locale\" value=\"en_US\" \/><input type=\"hidden\" name=\"_wpcf7_unit_tag\" value=\"wpcf7-f6-o1\" \/><input type=\"hidden\" name=\"_wpcf7_container_post\" value=\"0\" \/><input type=\"hidden\" name=\"_wpcf7_posted_data_hash\" value=\"\" \/><input type=\"hidden\" name=\"_wpcf7_recaptcha_response\" value=\"\" \/>\n<\/fieldset>\n<p><label>First Name*<\/label><br \/>\n<span class=\"wpcf7-form-control-wrap\" data-name=\"your-first-name\"><input size=\"40\" maxlength=\"400\" class=\"wpcf7-form-control wpcf7-text wpcf7-validates-as-required\" aria-required=\"true\" aria-invalid=\"false\" value=\"\" type=\"text\" name=\"your-first-name\" \/><\/span><br \/>\n<label>Last Name*<\/label><br \/>\n<span class=\"wpcf7-form-control-wrap\" data-name=\"your-last-name\"><input size=\"40\" maxlength=\"400\" class=\"wpcf7-form-control wpcf7-text wpcf7-validates-as-required\" aria-required=\"true\" aria-invalid=\"false\" value=\"\" type=\"text\" name=\"your-last-name\" \/><\/span><br \/>\n<label>Email*<\/label><br \/>\n<span class=\"wpcf7-form-control-wrap\" data-name=\"your-email\"><input size=\"40\" maxlength=\"400\" class=\"wpcf7-form-control wpcf7-email wpcf7-validates-as-required wpcf7-text wpcf7-validates-as-email\" aria-required=\"true\" aria-invalid=\"false\" value=\"\" type=\"email\" name=\"your-email\" \/><\/span><br \/>\n<label>Phone Number*<\/label><br \/>\n<span class=\"wpcf7-form-control-wrap\" data-name=\"your-phone-number\"><input size=\"40\" maxlength=\"400\" class=\"wpcf7-form-control wpcf7-tel wpcf7-text wpcf7-validates-as-tel\" aria-invalid=\"false\" value=\"\" type=\"tel\" name=\"your-phone-number\" \/><\/span><br \/>\n<label>Subject*<\/label><br \/>\n<span class=\"wpcf7-form-control-wrap\" data-name=\"text-subject\"><input size=\"40\" maxlength=\"400\" class=\"wpcf7-form-control wpcf7-text wpcf7-validates-as-required\" aria-required=\"true\" aria-invalid=\"false\" value=\"\" type=\"text\" name=\"text-subject\" \/><\/span><br \/>\n<label>Message*<\/label><br \/>\n<span class=\"wpcf7-form-control-wrap\" data-name=\"your-message\"><textarea cols=\"40\" rows=\"10\" maxlength=\"2000\" class=\"wpcf7-form-control wpcf7-textarea wpcf7-validates-as-required\" aria-required=\"true\" aria-invalid=\"false\" name=\"your-message\"><\/textarea><\/span>\n<\/p>\n<p><label>How did you hear about our firm? <span class=\"star\">*<\/span><\/label><br \/>\n<span class=\"wpcf7-form-control-wrap\" data-name=\"how-did-you-hear-about-us\"><input size=\"40\" maxlength=\"400\" class=\"wpcf7-form-control wpcf7-text wpcf7-validates-as-required\" aria-required=\"true\" aria-invalid=\"false\" value=\"\" type=\"text\" name=\"how-did-you-hear-about-us\" \/><\/span>\n<\/p>\n<p>(*) indicates mandatory fields\n<\/p>\n<p><span class=\"wpcf7-form-control-wrap\" data-name=\"your-consent\"><span class=\"wpcf7-form-control wpcf7-acceptance optional\"><span class=\"wpcf7-list-item\"><label><input type=\"checkbox\" name=\"your-consent\" value=\"1\" aria-invalid=\"false\" \/><span class=\"wpcf7-list-item-label\">Subscribe me to the Levy Salis LLP newsletters which include updates on the Firms, cross border news & blogs and information on upcoming seminars.<\/span><\/label><\/span><\/span><\/span>\n<\/p>\n\n<p><small>This site is protected by reCAPTCHA and the Google<br \/>\n<a href=\"https:\/\/policies.google.com\/privacy\">Privacy Policy<\/a> and <a href=\"https:\/\/policies.google.com\/terms\">Terms of Service<\/a> apply.<\/small>\n<\/p>\n<div class=\"home_form_btn\">\n\t<p><input class=\"wpcf7-form-control wpcf7-submit has-spinner\" type=\"submit\" value=\"Send\" \/>\n\t<\/p>\n<\/div><div class=\"wpcf7-response-output\" aria-hidden=\"true\"><\/div>\n<\/form>\n<\/div>\n\n<div class=\"fusion-clearfix\"><\/div>\n\n\t\t\t\t\t<\/div>\n\t\t\t\t<\/div><div  class=\"fusion-layout-column fusion_builder_column fusion_builder_column_2_3  fusion-two-third fusion-column-first 2_3\"  style='margin-top:0px;margin-bottom:20px;width:65.3333%; margin-right: 4%;'>\n\t\t\t\t\t<div class=\"fusion-column-wrapper\" style=\"background-position:left top;background-repeat:no-repeat;-webkit-background-size:cover;-moz-background-size:cover;-o-background-size:cover;background-size:cover;\"  data-bg-url=\"\">\n\t\t\t\t\t\t<div class=\"fusion-clearfix\"><\/div>\n\n\t\t\t\t\t<\/div>\n\t\t\t\t<\/div><\/div><\/div><div  class=\"fusion-fullwidth fullwidth-box nonhundred-percent-fullwidth\"  style='background-color: rgba(255,255,255,0);background-position: center center;background-repeat: no-repeat;padding-top:30px;padding-right:0px;padding-bottom:0px;padding-left:0px;'><div class=\"fusion-builder-row fusion-row \"><div  class=\"fusion-layout-column fusion_builder_column fusion_builder_column_1_1  fusion-one-full fusion-column-last 1_1\"  style='margin-top:0px;margin-bottom:20px;'>\n\t\t\t\t\t<div class=\"fusion-column-wrapper\" style=\"background-position:left top;background-repeat:no-repeat;-webkit-background-size:cover;-moz-background-size:cover;-o-background-size:cover;background-size:cover;\"  data-bg-url=\"\">\n\t\t\t\t\t\t\t\t\t\t\t<script type=\"text\/javascript\">\r\n\t\t\t\t\t\tvar map_fusion_map_69d01e7ebdcd0;\r\n\t\t\t\t\t\tvar markers = [];\r\n\t\t\t\t\t\tvar counter = 0;\r\n\t\t\t\t\t\t\t\t\t\t\t\t\t\t\t\t\t\t\t\tvar fusionMapNonce = '8ca57460a6';\r\n\t\t\t\t\t\t\t\t\t\t\t\tfunction fusion_run_map_fusion_map_69d01e7ebdcd0() {\r\n\t\t\t\t\t\t\tjQuery('#fusion_map_69d01e7ebdcd0').fusion_maps({\r\n\t\t\t\t\t\t\t\taddresses: [{\"address\":\"2047 Mansfield St, Montreal, Quebec, H3A 1Y7\",\"infobox_content\":\"2047 Mansfield St, Montreal, Quebec, H3A 1Y7\",\"coordinates\":false,\"cache\":true,\"latitude\":\"45.5028353\",\"longitude\":\"-73.574398\"}],\r\n\t\t\t\t\t\t\t\tanimations: false,\r\n\t\t\t\t\t\t\t\tinfobox_background_color: '',\r\n\t\t\t\t\t\t\t\tinfobox_styling: 'default',\r\n\t\t\t\t\t\t\t\tinfobox_text_color: '',\r\n\t\t\t\t\t\t\t\tmap_style: 'custom',\r\n\t\t\t\t\t\t\t\tmap_type: 'roadmap',\r\n\t\t\t\t\t\t\t\tmarker_icon: '',\r\n\t\t\t\t\t\t\t\toverlay_color: '#999999',\r\n\t\t\t\t\t\t\t\toverlay_color_hsl: {\"hue\":0,\"sat\":0,\"lum\":60},\r\n\t\t\t\t\t\t\t\tpan_control: true,\r\n\t\t\t\t\t\t\t\tshow_address: false,\r\n\t\t\t\t\t\t\t\tscale_control: true,\r\n\t\t\t\t\t\t\t\tscrollwheel: true,\r\n\t\t\t\t\t\t\t\tzoom: 14,\r\n\t\t\t\t\t\t\t\tzoom_control: true,\r\n\t\t\t\t\t\t\t});\r\n\t\t\t\t\t\t}\r\n\r\n\t\t\t\t\t\tgoogle.maps.event.addDomListener(window, 'load', fusion_run_map_fusion_map_69d01e7ebdcd0);\r\n\t\t\t\t\t<\/script>\r\n\t\t\t\t\t<div class=\"shortcode-map fusion-google-map\" id=\"fusion_map_69d01e7ebdcd0\" style=\"height:400px;width:100%;\"><\/div><div class=\"fusion-clearfix\"><\/div>\n\n\t\t\t\t\t<\/div>\n\t\t\t\t<\/div><\/div><\/div>\n","protected":false},"excerpt":{"rendered":"","protected":false},"author":1,"featured_media":0,"parent":0,"menu_order":0,"comment_status":"closed","ping_status":"closed","template":"100-width.php","meta":{"_monsterinsights_skip_tracking":false,"_monsterinsights_sitenote_active":false,"_monsterinsights_sitenote_note":"","_monsterinsights_sitenote_category":0,"footnotes":""},"class_list":["post-323","page","type-page","status-publish","hentry"],"yoast_head":"<!-- This site is optimized with the Yoast SEO plugin v23.0 - https:\/\/yoast.com\/wordpress\/plugins\/seo\/ -->\n<title>Montr\u00e9al &#8211; Levy Salis<\/title>\n<meta name=\"robots\" content=\"index, follow, max-snippet:-1, max-image-preview:large, max-video-preview:-1\" \/>\n<link rel=\"canonical\" href=\"https:\/\/levysalis.com\/fr\/montreal\/\" \/>\n<meta property=\"og:locale\" content=\"fr_FR\" \/>\n<meta property=\"og:type\" content=\"article\" \/>\n<meta property=\"og:title\" content=\"Montr\u00e9al &#8211; Levy Salis\" \/>\n<meta property=\"og:url\" content=\"https:\/\/levysalis.com\/fr\/montreal\/\" \/>\n<meta property=\"og:site_name\" content=\"Levy Salis\" \/>\n<meta property=\"article:publisher\" content=\"https:\/\/www.facebook.com\/LevySalisLLP\/\" \/>\n<meta property=\"article:modified_time\" content=\"2025-05-23T17:48:53+00:00\" \/>\n<meta name=\"twitter:card\" content=\"summary_large_image\" \/>\n<meta name=\"twitter:site\" content=\"@LevySalisLLP\" \/>\n<meta name=\"twitter:label1\" content=\"Dur\u00e9e de lecture estim\u00e9e\" \/>\n\t<meta name=\"twitter:data1\" content=\"3 minutes\" \/>\n<script type=\"application\/ld+json\" class=\"yoast-schema-graph\">{\"@context\":\"https:\/\/schema.org\",\"@graph\":[{\"@type\":\"WebPage\",\"@id\":\"https:\/\/levysalis.com\/fr\/montreal\/\",\"url\":\"https:\/\/levysalis.com\/fr\/montreal\/\",\"name\":\"Montr\u00e9al &#8211; Levy Salis\",\"isPartOf\":{\"@id\":\"https:\/\/levysalis.com\/#website\"},\"datePublished\":\"2017-10-11T22:29:13+00:00\",\"dateModified\":\"2025-05-23T17:48:53+00:00\",\"breadcrumb\":{\"@id\":\"https:\/\/levysalis.com\/fr\/montreal\/#breadcrumb\"},\"inLanguage\":\"fr-FR\",\"potentialAction\":[{\"@type\":\"ReadAction\",\"target\":[\"https:\/\/levysalis.com\/fr\/montreal\/\"]}]},{\"@type\":\"BreadcrumbList\",\"@id\":\"https:\/\/levysalis.com\/fr\/montreal\/#breadcrumb\",\"itemListElement\":[{\"@type\":\"ListItem\",\"position\":1,\"name\":\"Home\",\"item\":\"https:\/\/levysalis.com\/fr\/\"},{\"@type\":\"ListItem\",\"position\":2,\"name\":\"Montr\u00e9al\"}]},{\"@type\":\"WebSite\",\"@id\":\"https:\/\/levysalis.com\/#website\",\"url\":\"https:\/\/levysalis.com\/\",\"name\":\"Levy Salis\",\"description\":\"Avocats &amp; Notaires | Attorneys &amp; Notaries\",\"potentialAction\":[{\"@type\":\"SearchAction\",\"target\":{\"@type\":\"EntryPoint\",\"urlTemplate\":\"https:\/\/levysalis.com\/?s={search_term_string}\"},\"query-input\":\"required name=search_term_string\"}],\"inLanguage\":\"fr-FR\"}]}<\/script>\n<!-- \/ Yoast SEO plugin. -->","yoast_head_json":{"title":"Montr\u00e9al &#8211; Levy Salis","robots":{"index":"index","follow":"follow","max-snippet":"max-snippet:-1","max-image-preview":"max-image-preview:large","max-video-preview":"max-video-preview:-1"},"canonical":"https:\/\/levysalis.com\/fr\/montreal\/","og_locale":"fr_FR","og_type":"article","og_title":"Montr\u00e9al &#8211; Levy Salis","og_url":"https:\/\/levysalis.com\/fr\/montreal\/","og_site_name":"Levy Salis","article_publisher":"https:\/\/www.facebook.com\/LevySalisLLP\/","article_modified_time":"2025-05-23T17:48:53+00:00","twitter_card":"summary_large_image","twitter_site":"@LevySalisLLP","twitter_misc":{"Dur\u00e9e de lecture estim\u00e9e":"3 minutes"},"schema":{"@context":"https:\/\/schema.org","@graph":[{"@type":"WebPage","@id":"https:\/\/levysalis.com\/fr\/montreal\/","url":"https:\/\/levysalis.com\/fr\/montreal\/","name":"Montr\u00e9al &#8211; Levy Salis","isPartOf":{"@id":"https:\/\/levysalis.com\/#website"},"datePublished":"2017-10-11T22:29:13+00:00","dateModified":"2025-05-23T17:48:53+00:00","breadcrumb":{"@id":"https:\/\/levysalis.com\/fr\/montreal\/#breadcrumb"},"inLanguage":"fr-FR","potentialAction":[{"@type":"ReadAction","target":["https:\/\/levysalis.com\/fr\/montreal\/"]}]},{"@type":"BreadcrumbList","@id":"https:\/\/levysalis.com\/fr\/montreal\/#breadcrumb","itemListElement":[{"@type":"ListItem","position":1,"name":"Home","item":"https:\/\/levysalis.com\/fr\/"},{"@type":"ListItem","position":2,"name":"Montr\u00e9al"}]},{"@type":"WebSite","@id":"https:\/\/levysalis.com\/#website","url":"https:\/\/levysalis.com\/","name":"Levy Salis","description":"Avocats &amp; Notaires | Attorneys &amp; Notaries","potentialAction":[{"@type":"SearchAction","target":{"@type":"EntryPoint","urlTemplate":"https:\/\/levysalis.com\/?s={search_term_string}"},"query-input":"required name=search_term_string"}],"inLanguage":"fr-FR"}]}},"_links":{"self":[{"href":"https:\/\/levysalis.com\/fr\/wp-json\/wp\/v2\/pages\/323","targetHints":{"allow":["GET"]}}],"collection":[{"href":"https:\/\/levysalis.com\/fr\/wp-json\/wp\/v2\/pages"}],"about":[{"href":"https:\/\/levysalis.com\/fr\/wp-json\/wp\/v2\/types\/page"}],"author":[{"embeddable":true,"href":"https:\/\/levysalis.com\/fr\/wp-json\/wp\/v2\/users\/1"}],"replies":[{"embeddable":true,"href":"https:\/\/levysalis.com\/fr\/wp-json\/wp\/v2\/comments?post=323"}],"version-history":[{"count":0,"href":"https:\/\/levysalis.com\/fr\/wp-json\/wp\/v2\/pages\/323\/revisions"}],"wp:attachment":[{"href":"https:\/\/levysalis.com\/fr\/wp-json\/wp\/v2\/media?parent=323"}],"curies":[{"name":"wp","href":"https:\/\/api.w.org\/{rel}","templated":true}]}}