{"id":3227,"date":"2019-11-07T20:46:39","date_gmt":"2019-11-07T20:46:39","guid":{"rendered":"https:\/\/levysalis.com\/?page_id=3227"},"modified":"2021-08-23T14:51:03","modified_gmt":"2021-08-23T14:51:03","slug":"parajuriste","status":"publish","type":"page","link":"https:\/\/levysalis.com\/fr\/carriere\/parajuriste\/","title":{"rendered":"Parajuriste"},"content":{"rendered":"<div  class=\"fusion-fullwidth fullwidth-box fusion-parallax-none contact_page_banner nonhundred-percent-fullwidth\"  style='background-color: rgba(255,255,255,0);background-image: url(\"https:\/\/levysalis.com\/wp-content\/uploads\/2019\/11\/LS-Paralegal.jpg\");background-position: center center;background-repeat: no-repeat;padding-top:150px;padding-right:0px;padding-bottom:120px;padding-left:0px;-webkit-background-size:cover;-moz-background-size:cover;-o-background-size:cover;background-size:cover;background-attachment:none;'><div class=\"fusion-builder-row fusion-row \"><div  class=\"fusion-layout-column fusion_builder_column fusion_builder_column_1_1  fusion-one-full fusion-column-first fusion-column-last 1_1\"  style='margin-top:0px;margin-bottom:20px;'>\n\t\t\t\t\t<div class=\"fusion-column-wrapper\" style=\"background-position:left top;background-repeat:no-repeat;-webkit-background-size:cover;-moz-background-size:cover;-o-background-size:cover;background-size:cover;\"  data-bg-url=\"\">\n\t\t\t\t\t\t<div class=\"fusion-clearfix\"><\/div>\n\n\t\t\t\t\t<\/div>\n\t\t\t\t<\/div><\/div><\/div><div  class=\"fusion-fullwidth fullwidth-box nonhundred-percent-fullwidth\"  style='background-color: rgba(255,255,255,0);background-position: center center;background-repeat: no-repeat;padding-top:10px;padding-right:10px;padding-bottom:10px;padding-left:10px;border-top-width:2px;border-bottom-width:2px;border-color:#eae9e9;border-top-style:solid;border-bottom-style:solid;'><div class=\"fusion-builder-row fusion-row \"><div  class=\"fusion-layout-column fusion_builder_column fusion_builder_column_2_3  fusion-two-third fusion-column-first 2_3\"  style='margin-top:0px;margin-bottom:20px;width:66.66%;width:calc(66.66% - ( ( 4% ) * 0.6666 ) );margin-right: 4%;'>\n\t\t\t\t\t<div class=\"fusion-column-wrapper\" style=\"background-position:left top;background-repeat:no-repeat;-webkit-background-size:cover;-moz-background-size:cover;-o-background-size:cover;background-size:cover;\"  data-bg-url=\"\">\n\t\t\t\t\t\t<h1><span style=\"color: #333333;\">Parajuriste<\/span><\/h1>\n<p><span class=\"au-target\" data-ph-id=\"ph-page-element-page25-HAMfCA-HAMfCA-15\">Montr\u00e9al, QC, Canada\u00a0<\/span>|\u00a0<span class=\"au-target\" data-ph-id=\"ph-page-element-page25-HAMfCA-HAMfCA-18\">Publi\u00e9 le 23\/08\/2021<\/span><\/p>\n<div class=\"fusion-clearfix\"><\/div>\n\n\t\t\t\t\t<\/div>\n\t\t\t\t<\/div><div  class=\"fusion-layout-column fusion_builder_column fusion_builder_column_1_3  fusion-one-third fusion-column-last 1_3\"  style='margin-top:50px;margin-bottom:20px;width:33.33%;width:calc(33.33% - ( ( 4% ) * 0.3333 ) );'>\n\t\t\t\t\t<div class=\"fusion-column-wrapper\" style=\"background-position:left top;background-repeat:no-repeat;-webkit-background-size:cover;-moz-background-size:cover;-o-background-size:cover;background-size:cover;\"  data-bg-url=\"\">\n\t\t\t\t\t\t<div class=\"fusion-button-wrappercenter\"><style type=\"text\/css\" scoped=\"scoped\">.fusion-button.button-1 .fusion-button-text, .fusion-button.button-1 i {color:#ffffff;}.fusion-button.button-1 {border-width:0px;border-color:#ffffff;}.fusion-button.button-1 .fusion-button-icon-divider{border-color:#ffffff;}.fusion-button.button-1:hover .fusion-button-text, .fusion-button.button-1:hover i,.fusion-button.button-1:focus .fusion-button-text, .fusion-button.button-1:focus i,.fusion-button.button-1:active .fusion-button-text, .fusion-button.button-1:active{color:#ffffff;}.fusion-button.button-1:hover, .fusion-button.button-1:focus, .fusion-button.button-1:active{border-width:0px;border-color:#ffffff;}.fusion-button.button-1:hover .fusion-button-icon-divider, .fusion-button.button-1:hover .fusion-button-icon-divider, .fusion-button.button-1:active .fusion-button-icon-divider{border-color:#ffffff;}.fusion-button.button-1{background: #ceaa2d;}.fusion-button.button-1:hover,.button-1:focus,.fusion-button.button-1:active{background: #6d6d6d;}.fusion-button.button-1{width:100%;}<\/style><a class=\"fusion-button button-flat fusion-button-round button-large button-custom button-1\" target=\"_self\" href=\"mailto:info@levysalis.com?subject=Application pour Parajuriste\"><i class=\"fa fa-envelope-o button-icon-left\"><\/i><span class=\"fusion-button-text\">Postulez maintenant<\/span><\/a><\/div><div class=\"fusion-clearfix\"><\/div>\n\n\t\t\t\t\t<\/div>\n\t\t\t\t<\/div><\/div><\/div><div  class=\"fusion-fullwidth fullwidth-box nonhundred-percent-fullwidth\"  style='background-color: rgba(255,255,255,0);background-position: center center;background-repeat: no-repeat;padding-top:0px;padding-right:0px;padding-bottom:0px;padding-left:0px;margin-top: 100px;'><div class=\"fusion-builder-row fusion-row \"><div  class=\"fusion-layout-column fusion_builder_column fusion_builder_column_1_3  fusion-one-third fusion-column-first fusion-blend-mode black-box 1_3\"  style='margin-top:0px;margin-bottom:20px;width:33.33%;width:calc(33.33% - ( ( 4% ) * 0.3333 ) );margin-right: 4%;'>\n\t\t\t\t\t<div class=\"fusion-column-wrapper\" style=\"background-color:#f2f2f2;padding: 37px 40px 37px 40px;background-position:left top;background-repeat:no-repeat;-webkit-background-size:cover;-moz-background-size:cover;-o-background-size:cover;background-size:cover;\"  data-bg-url=\"\">\n\t\t\t\t\t\t<div class=\"fusion-sep-clear\"><\/div><div class=\"fusion-separator sep-single sep-solid\" style=\"border-color:#d4d4d4;border-top-width:2px;margin-top:0px;margin-bottom:20px;width:100%;max-width:30px;\"><\/div><!-- Begin Constant Contact Inline Form Code -->\r\n<div class=\"ctct-inline-form\" data-form-id=\"d8e94ff4-dfe5-40f4-8d56-21df8814a425\"><\/div>\r\n<!-- End Constant Contact Inline Form Code --><div class=\"fusion-sep-clear\"><\/div><div class=\"fusion-separator fusion-full-width-sep sep-none\" style=\"margin-left: auto;margin-right: auto;margin-top:5px;margin-bottom:5px;\"><\/div><div class=\"fusion-clearfix\"><\/div>\n\n\t\t\t\t\t<\/div>\n\t\t\t\t<\/div><div  class=\"fusion-layout-column fusion_builder_column fusion_builder_column_2_3  fusion-two-third fusion-column-last contact_page_form 2_3\"  style='margin-top:0px;margin-bottom:20px;width:66.66%;width:calc(66.66% - ( ( 4% ) * 0.6666 ) );'>\n\t\t\t\t\t<div class=\"fusion-column-wrapper\" style=\"background-position:left top;background-repeat:no-repeat;-webkit-background-size:cover;-moz-background-size:cover;-o-background-size:cover;background-size:cover;\"  data-bg-url=\"\">\n\t\t\t\t\t\t<div class=\"share-box fusion-sharing-box\" style=\"background-color:#f2f2f2;\" data-title=\"Levy Salis SENCRL - Offre d&#039;emploi qui pourrait vous int\u00e9resser - Parajuriste\" data-link=\"https:\/\/levysalis.com\/career\/paralegal\/\"><h4 class=\"tagline\" style=\"color:#111111;\">Partager cette offre d\u2019emploi<\/h4><div class=\"fusion-social-networks\"><a class=\"fusion-social-network-icon fusion-tooltip fusion-facebook fusion-icon-facebook\" href=\"https:\/\/www.facebook.com\/sharer.php?u=https%3A%2F%2Flevysalis.com%2Fcareer%2Fparalegal%2F&amp;t=Levy%20Salis%20SENCRL%20-%20Offre%20d%27emploi%20qui%20pourrait%20vous%20int%C3%A9resser%20-%20Parajuriste\" target=\"_blank\" style=\"color:#3b5998;\" data-placement=\"top\" data-title=\"Facebook\" title=\"Facebook\" aria-label=\"Facebook\" data-toggle=\"tooltip\"><\/a><a class=\"fusion-social-network-icon fusion-tooltip fusion-twitter fusion-icon-twitter\" href=\"https:\/\/twitter.com\/share?text=Levy%20Salis%20SENCRL%20-%20Offre%20d%27emploi%20qui%20pourrait%20vous%20int%C3%A9resser%20-%20Parajuriste&amp;url=https%3A%2F%2Flevysalis.com%2Fcareer%2Fparalegal%2F\" target=\"_blank\" rel=\"noopener noreferrer\" style=\"color:#55acee;\" data-placement=\"top\" data-title=\"Twitter\" title=\"Twitter\" aria-label=\"Twitter\" data-toggle=\"tooltip\"><\/a><a class=\"fusion-social-network-icon fusion-tooltip fusion-linkedin fusion-icon-linkedin\" href=\"https:\/\/www.linkedin.com\/shareArticle?mini=true&amp;url=https%3A%2F%2Flevysalis.com%2Fcareer%2Fparalegal%2F&amp;title=Levy%20Salis%20SENCRL%20-%20Offre%20d%27emploi%20qui%20pourrait%20vous%20int%C3%A9resser%20-%20Parajuriste&amp;summary=\" target=\"_blank\" rel=\"noopener noreferrer\" style=\"color:#0077b5;\" data-placement=\"top\" data-title=\"Linkedin\" title=\"Linkedin\" aria-label=\"Linkedin\" data-toggle=\"tooltip\"><\/a><a class=\"fusion-social-network-icon fusion-tooltip fusion-mail fusion-icon-mail\" href=\"mailto:?subject=Levy%20Salis%20SENCRL%20-%20Offre%20d%27emploi%20qui%20pourrait%20vous%20int%C3%A9resser%20-%20Parajuriste&amp;body=https%3A%2F%2Flevysalis.com%2Fcareer%2Fparalegal%2F\" target=\"_self\" style=\"color:#000000;\" data-placement=\"top\" data-title=\"Mail\" title=\"Mail\" aria-label=\"Mail\" data-toggle=\"tooltip\"><\/a><\/div><\/div><p><strong>Survol<\/strong><\/p>\n<p>Levy Salis SENCRL est un cabinet d\u2019avocats dynamique, versatile et en croissance qui se sp\u00e9cialise dans la planification fiscale et successorale canadienne,am\u00e9ricaine et transfrontali\u00e8re pour les individus et les entreprises ainsi que dans la repr\u00e9sentation de Canadiens dans des transactions immobili\u00e8res am\u00e9ricaines. Nous sommes pr\u00e9sentement \u00e0 la recherche d\u2019un(e) parajuriste assidu(e) et hautement motiv\u00e9(e) pour se joindre \u00e0 une pratique juridique florissante consacr\u00e9e aux transactions immobili\u00e8res, \u00e0 la planification successorale, au r\u00e8glement des successions et aux proc\u00e9dures non-contentieuses devant notaire. Travaillant dans nos nouveaux bureaux au c\u0153ur du centre-ville de Montr\u00e9al, vous deviendrez membre d\u2019une \u00e9quipe de professionnels juridiques qui adoptent une approche moderne \u00e0 la planification fiscale et successorale et vous aurez l\u2019opportunit\u00e9 de travailler aupr\u00e8s de clients fortun\u00e9s. Si vous cherchez pour l\u2019opportunit\u00e9 d\u2019\u00e9voluer et de travailler sur des dossiers complexes et stimulants, ce poste est pour vous.<\/p>\n<p><strong>Poste\u00a0: <\/strong>Parajuriste<strong><br \/>\nType de poste\u00a0: <\/strong>Temps plein, permanent<strong><br \/>\nLieu\u00a0: <\/strong>Centre-ville de Montr\u00e9al, Qu\u00e9bec<strong><br \/>\nDate de d\u00e9but anticip\u00e9\u00a0: <\/strong>Imm\u00e9diat<\/p>\n<h3><strong>Responsabilit\u00e9s principales<\/strong>:<\/h3>\n<ul>\n<li>R\u00e9diger et r\u00e9viser des documents de nature notariale dans des transactions immobili\u00e8res, des dossiers de planification successorale, des dossiers der\u00e8glement de successions et des proc\u00e9dures non contentieuses devant notaire<\/li>\n<li>Inscription d\u2019actes au registre foncier du Qu\u00e9bec et au RDPRM<\/li>\n<li>Planifier et organiser les consultations et les rencontres avec les clients et des professionnels<\/li>\n<li>Gestion de compte du notaire \u2013 pr\u00e9paration des re\u00e7us, des ch\u00e8ques, des rapports mensuels, etc.<\/li>\n<li>Comptabilit\u00e9 \u2013 pr\u00e9paration des factures, re\u00e7us des paiements en fid\u00e9icommis, etc.<\/li>\n<li>Mise \u00e0 jour des banques de donn\u00e9es et des archives<\/li>\n<li>T\u00e2ches administratives g\u00e9n\u00e9rales<\/li>\n<\/ul>\n<p><strong>Habilet\u00e9s, qualit\u00e9s et qualifications:<\/strong><\/p>\n<ul>\n<li>Dipl\u00f4me d&rsquo;\u00e9tudes coll\u00e9giales en techniques juridiques ou Attestation d\u2019\u00e9tudes coll\u00e9giales en techniques juridiques<\/li>\n<li>Trois (3) \u00e0 cinq (5) ans d\u2019exp\u00e9rience \u00e0 titre de parajuriste\/technicien(ne) juridique<\/li>\n<li>Bilingue\u00a0: anglais et fran\u00e7ais, \u00e0 l\u2019oral et \u00e0 l\u2019\u00e9crit<\/li>\n<li>Habilet\u00e9s d\u2019\u00e9criture juridique hautement d\u00e9velopp\u00e9es<\/li>\n<li>Fort int\u00e9r\u00eat et aptitude pour les transactions immobili\u00e8res, la planification successorale et le r\u00e8glement de successions<\/li>\n<\/ul>\n<p>Veuillez soumettre votre CV, une lettre de pr\u00e9sentation et vos relev\u00e9s de notes universitaires \u00e0 l\u2019adresse courriel <a href=\"mailto:info@levysalis.com\">info@levysalis.com<\/a> avec la mention en rubrique : Candidature pour le poste de parajuriste.<\/p>\n<p>Seulement les candidats retenus pour une entrevue seront contact\u00e9s.<\/p>\n<div class=\"fusion-button-wrappercenter\"><style type=\"text\/css\" scoped=\"scoped\">.fusion-button.button-2 .fusion-button-text, .fusion-button.button-2 i {color:#ffffff;}.fusion-button.button-2 {border-width:0px;border-color:#ffffff;}.fusion-button.button-2 .fusion-button-icon-divider{border-color:#ffffff;}.fusion-button.button-2:hover .fusion-button-text, .fusion-button.button-2:hover i,.fusion-button.button-2:focus .fusion-button-text, .fusion-button.button-2:focus i,.fusion-button.button-2:active .fusion-button-text, .fusion-button.button-2:active{color:#ffffff;}.fusion-button.button-2:hover, .fusion-button.button-2:focus, .fusion-button.button-2:active{border-width:0px;border-color:#ffffff;}.fusion-button.button-2:hover .fusion-button-icon-divider, .fusion-button.button-2:hover .fusion-button-icon-divider, .fusion-button.button-2:active .fusion-button-icon-divider{border-color:#ffffff;}.fusion-button.button-2{background: #ceaa2d;}.fusion-button.button-2:hover,.button-2:focus,.fusion-button.button-2:active{background: #6d6d6d;}.fusion-button.button-2{width:100%;}<\/style><a class=\"fusion-button button-flat fusion-button-round button-large button-custom button-2\" target=\"_self\" href=\"mailto:info@levysalis.com?subject=Application pour Parajuriste\"><i class=\"fa fa-envelope-o button-icon-left\"><\/i><span class=\"fusion-button-text\">Postulez maintenant<\/span><\/a><\/div><div class=\"fusion-clearfix\"><\/div>\n\n\t\t\t\t\t<\/div>\n\t\t\t\t<\/div><div  class=\"fusion-layout-column fusion_builder_column fusion_builder_column_1_3  fusion-one-third fusion-column-first 1_3\"  style='margin-top:0px;margin-bottom:20px;width:33.33%;width:calc(33.33% - ( ( 4% ) * 0.3333 ) );margin-right: 4%;'>\n\t\t\t\t\t<div class=\"fusion-column-wrapper\" style=\"background-position:left top;background-repeat:no-repeat;-webkit-background-size:cover;-moz-background-size:cover;-o-background-size:cover;background-size:cover;\"  data-bg-url=\"\">\n\t\t\t\t\t\t<div class=\"fusion-clearfix\"><\/div>\n\n\t\t\t\t\t<\/div>\n\t\t\t\t<\/div><div  class=\"fusion-layout-column fusion_builder_column fusion_builder_column_2_3  fusion-two-third fusion-column-last 2_3\"  style='margin-top:0px;margin-bottom:20px;width:66.66%;width:calc(66.66% - ( ( 4% ) * 0.6666 ) );'>\n\t\t\t\t\t<div class=\"fusion-column-wrapper\" style=\"border:2px solid #eaeaea;padding: 10px 10px 10px 10px;background-position:left top;background-repeat:no-repeat;-webkit-background-size:cover;-moz-background-size:cover;-o-background-size:cover;background-size:cover;\"  data-bg-url=\"\">\n\t\t\t\t\t\t\n<div class=\"wpcf7 no-js\" id=\"wpcf7-f2560-o1\" lang=\"en-US\" dir=\"ltr\" data-wpcf7-id=\"2560\">\n<div class=\"screen-reader-response\"><p role=\"status\" aria-live=\"polite\" aria-atomic=\"true\"><\/p> <ul><\/ul><\/div>\n<form action=\"\/fr\/wp-json\/wp\/v2\/pages\/3227#wpcf7-f2560-o1\" method=\"post\" class=\"wpcf7-form init\" aria-label=\"Contact form\" novalidate=\"novalidate\" data-status=\"init\">\n<fieldset class=\"hidden-fields-container\"><input type=\"hidden\" name=\"_wpcf7\" value=\"2560\" \/><input type=\"hidden\" name=\"_wpcf7_version\" value=\"6.1.4\" \/><input type=\"hidden\" name=\"_wpcf7_locale\" value=\"en_US\" \/><input type=\"hidden\" name=\"_wpcf7_unit_tag\" value=\"wpcf7-f2560-o1\" \/><input type=\"hidden\" name=\"_wpcf7_container_post\" value=\"0\" \/><input type=\"hidden\" name=\"_wpcf7_posted_data_hash\" value=\"\" \/><input type=\"hidden\" name=\"_wpcf7_recaptcha_response\" value=\"\" \/>\n<\/fieldset>\n<h2>Email this job to:\n<\/h2>\n<div class=\"fusion-one-half one_half fusion-layout-column fusion-spacing-yes\">\n\t<p><label>Recipient\u2019s name <span class=\"star\">*<\/span><\/label><br \/>\n<span class=\"wpcf7-form-control-wrap\" data-name=\"Recipients-name\"><input size=\"40\" maxlength=\"400\" class=\"wpcf7-form-control wpcf7-text wpcf7-validates-as-required\" aria-required=\"true\" aria-invalid=\"false\" value=\"\" type=\"text\" name=\"Recipients-name\" \/><\/span>\n\t<\/p>\n<\/div>\n<div class=\"fusion-one-half one_half fusion-layout-column fusion-spacing-yes fusion-column-last\">\n\t<p><label>Recipient\u2019s email address <span class=\"star\">*<\/span><\/label><br \/>\n<span class=\"wpcf7-form-control-wrap\" data-name=\"Recipients-email\"><input size=\"40\" maxlength=\"400\" class=\"wpcf7-form-control wpcf7-email wpcf7-validates-as-required wpcf7-text wpcf7-validates-as-email\" aria-required=\"true\" aria-invalid=\"false\" value=\"\" type=\"email\" name=\"Recipients-email\" \/><\/span>\n\t<\/p>\n<\/div>\n<div class=\"fusion-one-half one_half fusion-layout-column fusion-spacing-yes\">\n\t<p><label>Your name <span class=\"star\">*<\/span><\/label><br \/>\n<span class=\"wpcf7-form-control-wrap\" data-name=\"your-name\"><input size=\"40\" maxlength=\"400\" class=\"wpcf7-form-control wpcf7-text wpcf7-validates-as-required\" aria-required=\"true\" aria-invalid=\"false\" value=\"\" type=\"text\" name=\"your-name\" \/><\/span>\n\t<\/p>\n<\/div>\n<div class=\"fusion-one-half one_half fusion-layout-column fusion-spacing-yes fusion-column-last\">\n\t<p><label>Your email address <span class=\"star\">*<\/span><\/label><br \/>\n<span class=\"wpcf7-form-control-wrap\" data-name=\"your-email\"><input size=\"40\" maxlength=\"400\" class=\"wpcf7-form-control wpcf7-email wpcf7-validates-as-required wpcf7-text wpcf7-validates-as-email\" aria-required=\"true\" aria-invalid=\"false\" value=\"\" type=\"email\" name=\"your-email\" \/><\/span>\n\t<\/p>\n<\/div>\n<p>(*) indicates mandatory fields\n<\/p>\n<p><span class=\"wpcf7-form-control-wrap\" data-name=\"your-consent\"><span class=\"wpcf7-form-control wpcf7-acceptance optional\"><span class=\"wpcf7-list-item\"><label><input type=\"checkbox\" name=\"your-consent\" value=\"1\" aria-invalid=\"false\" \/><span class=\"wpcf7-list-item-label\">Subscribe me to the Levy Salis LLP newsletters which include updates on the Firms, cross border news & blogs and information on upcoming seminars.<\/span><\/label><\/span><\/span><\/span>\n<\/p>\n\n<p><small>This site is protected by reCAPTCHA and the Google<br \/>\n<a href=\"https:\/\/policies.google.com\/privacy\">Privacy Policy<\/a> and <a href=\"https:\/\/policies.google.com\/terms\">Terms of Service<\/a> apply.<\/small>\n<\/p>\n<p><input class=\"wpcf7-form-control wpcf7-submit has-spinner\" type=\"submit\" value=\"Send\" \/>\n<\/p><div class=\"wpcf7-response-output\" aria-hidden=\"true\"><\/div>\n<\/form>\n<\/div>\n<div class=\"fusion-clearfix\"><\/div>\n\n\t\t\t\t\t<\/div>\n\t\t\t\t<\/div><\/div><\/div>\n","protected":false},"excerpt":{"rendered":"","protected":false},"author":7,"featured_media":0,"parent":2608,"menu_order":0,"comment_status":"closed","ping_status":"closed","template":"100-width.php","meta":{"_monsterinsights_skip_tracking":false,"_monsterinsights_sitenote_active":false,"_monsterinsights_sitenote_note":"","_monsterinsights_sitenote_category":0,"footnotes":""},"class_list":["post-3227","page","type-page","status-publish","hentry"],"yoast_head":"<!-- This site is optimized with the Yoast SEO plugin v23.0 - https:\/\/yoast.com\/wordpress\/plugins\/seo\/ -->\n<title>Offre d&#039;emploi Parajuriste &#8211; Levy Salis<\/title>\n<meta name=\"description\" content=\"Chez Levy Salis SENCRL, nous sommes pr\u00e9sentement \u00e0 la recherche d\u2019un(e) parajuriste ambitieux et hautement motiv\u00e9 pour joindre notre jeune \u00e9quipe ambitieuse, cr\u00e9ative, coll\u00e9giale et engag\u00e9e.\" \/>\n<meta name=\"robots\" content=\"index, follow, max-snippet:-1, max-image-preview:large, max-video-preview:-1\" \/>\n<link rel=\"canonical\" href=\"https:\/\/levysalis.com\/career\/paralegal\/\" \/>\n<meta property=\"og:locale\" content=\"fr_FR\" \/>\n<meta property=\"og:type\" content=\"article\" \/>\n<meta property=\"og:title\" content=\"Opportunit\u00e9s de carri\u00e8re - Parajuriste\" \/>\n<meta property=\"og:description\" content=\"Notre \u00e9quipe s&#039;agrandit! Nous sommes pr\u00e9sentement \u00e0 la recherche d\u2019un(e) parajuriste pour joindre notre jeune \u00e9quipe.\" \/>\n<meta property=\"og:url\" content=\"https:\/\/levysalis.com\/career\/paralegal\/\" \/>\n<meta property=\"og:site_name\" content=\"Levy Salis\" \/>\n<meta property=\"article:publisher\" content=\"https:\/\/www.facebook.com\/LevySalisLLP\/\" \/>\n<meta property=\"article:modified_time\" content=\"2021-08-23T14:51:03+00:00\" \/>\n<meta property=\"og:image\" content=\"https:\/\/levysalis.com\/wp-content\/uploads\/2020\/01\/2-FR-FB-LS-Job-Paralegal.jpg\" \/>\n\t<meta property=\"og:image:width\" content=\"1200\" \/>\n\t<meta property=\"og:image:height\" content=\"630\" \/>\n\t<meta property=\"og:image:type\" content=\"image\/jpeg\" \/>\n<meta name=\"twitter:card\" content=\"summary_large_image\" \/>\n<meta name=\"twitter:title\" content=\"Opportunit\u00e9s de carri\u00e8re - Parajuriste\" \/>\n<meta name=\"twitter:description\" content=\"Levy Salis SENCRL sont pr\u00e9sentement \u00e0 la recherche d\u2019un(e) parajuriste ambitieux et hautement motiv\u00e9 pour joindre notre jeune \u00e9quipe.\" \/>\n<meta name=\"twitter:image\" content=\"https:\/\/levysalis.com\/wp-content\/uploads\/2020\/01\/2-FR-Twitter-LS-Job-Paralegal.jpg\" \/>\n<meta name=\"twitter:site\" content=\"@LevySalisLLP\" \/>\n<meta name=\"twitter:label1\" content=\"Dur\u00e9e de lecture estim\u00e9e\" \/>\n\t<meta name=\"twitter:data1\" content=\"8 minutes\" \/>\n<script type=\"application\/ld+json\" class=\"yoast-schema-graph\">{\"@context\":\"https:\/\/schema.org\",\"@graph\":[{\"@type\":\"WebPage\",\"@id\":\"https:\/\/levysalis.com\/career\/paralegal\/\",\"url\":\"https:\/\/levysalis.com\/career\/paralegal\/\",\"name\":\"Offre d'emploi Parajuriste &#8211; Levy Salis\",\"isPartOf\":{\"@id\":\"https:\/\/levysalis.com\/#website\"},\"datePublished\":\"2019-11-07T20:46:39+00:00\",\"dateModified\":\"2021-08-23T14:51:03+00:00\",\"description\":\"Chez Levy Salis SENCRL, nous sommes pr\u00e9sentement \u00e0 la recherche d\u2019un(e) parajuriste ambitieux et hautement motiv\u00e9 pour joindre notre jeune \u00e9quipe ambitieuse, cr\u00e9ative, coll\u00e9giale et engag\u00e9e.\",\"breadcrumb\":{\"@id\":\"https:\/\/levysalis.com\/career\/paralegal\/#breadcrumb\"},\"inLanguage\":\"fr-FR\",\"potentialAction\":[{\"@type\":\"ReadAction\",\"target\":[\"https:\/\/levysalis.com\/career\/paralegal\/\"]}]},{\"@type\":\"BreadcrumbList\",\"@id\":\"https:\/\/levysalis.com\/career\/paralegal\/#breadcrumb\",\"itemListElement\":[{\"@type\":\"ListItem\",\"position\":1,\"name\":\"Home\",\"item\":\"https:\/\/levysalis.com\/fr\/\"},{\"@type\":\"ListItem\",\"position\":2,\"name\":\"Offre d&#8217;emploi\",\"item\":\"https:\/\/levysalis.com\/career\/\"},{\"@type\":\"ListItem\",\"position\":3,\"name\":\"Parajuriste\"}]},{\"@type\":\"WebSite\",\"@id\":\"https:\/\/levysalis.com\/#website\",\"url\":\"https:\/\/levysalis.com\/\",\"name\":\"Levy Salis\",\"description\":\"Avocats &amp; Notaires | Attorneys &amp; Notaries\",\"potentialAction\":[{\"@type\":\"SearchAction\",\"target\":{\"@type\":\"EntryPoint\",\"urlTemplate\":\"https:\/\/levysalis.com\/?s={search_term_string}\"},\"query-input\":\"required name=search_term_string\"}],\"inLanguage\":\"fr-FR\"}]}<\/script>\n<!-- \/ Yoast SEO plugin. -->","yoast_head_json":{"title":"Offre d'emploi Parajuriste &#8211; Levy Salis","description":"Chez Levy Salis SENCRL, nous sommes pr\u00e9sentement \u00e0 la recherche d\u2019un(e) parajuriste ambitieux et hautement motiv\u00e9 pour joindre notre jeune \u00e9quipe ambitieuse, cr\u00e9ative, coll\u00e9giale et engag\u00e9e.","robots":{"index":"index","follow":"follow","max-snippet":"max-snippet:-1","max-image-preview":"max-image-preview:large","max-video-preview":"max-video-preview:-1"},"canonical":"https:\/\/levysalis.com\/career\/paralegal\/","og_locale":"fr_FR","og_type":"article","og_title":"Opportunit\u00e9s de carri\u00e8re - Parajuriste","og_description":"Notre \u00e9quipe s'agrandit! Nous sommes pr\u00e9sentement \u00e0 la recherche d\u2019un(e) parajuriste pour joindre notre jeune \u00e9quipe.","og_url":"https:\/\/levysalis.com\/career\/paralegal\/","og_site_name":"Levy Salis","article_publisher":"https:\/\/www.facebook.com\/LevySalisLLP\/","article_modified_time":"2021-08-23T14:51:03+00:00","og_image":[{"width":1200,"height":630,"url":"https:\/\/levysalis.com\/wp-content\/uploads\/2020\/01\/2-FR-FB-LS-Job-Paralegal.jpg","type":"image\/jpeg"}],"twitter_card":"summary_large_image","twitter_title":"Opportunit\u00e9s de carri\u00e8re - Parajuriste","twitter_description":"Levy Salis SENCRL sont pr\u00e9sentement \u00e0 la recherche d\u2019un(e) parajuriste ambitieux et hautement motiv\u00e9 pour joindre notre jeune \u00e9quipe.","twitter_image":"https:\/\/levysalis.com\/wp-content\/uploads\/2020\/01\/2-FR-Twitter-LS-Job-Paralegal.jpg","twitter_site":"@LevySalisLLP","twitter_misc":{"Dur\u00e9e de lecture estim\u00e9e":"8 minutes"},"schema":{"@context":"https:\/\/schema.org","@graph":[{"@type":"WebPage","@id":"https:\/\/levysalis.com\/career\/paralegal\/","url":"https:\/\/levysalis.com\/career\/paralegal\/","name":"Offre d'emploi Parajuriste &#8211; Levy Salis","isPartOf":{"@id":"https:\/\/levysalis.com\/#website"},"datePublished":"2019-11-07T20:46:39+00:00","dateModified":"2021-08-23T14:51:03+00:00","description":"Chez Levy Salis SENCRL, nous sommes pr\u00e9sentement \u00e0 la recherche d\u2019un(e) parajuriste ambitieux et hautement motiv\u00e9 pour joindre notre jeune \u00e9quipe ambitieuse, cr\u00e9ative, coll\u00e9giale et engag\u00e9e.","breadcrumb":{"@id":"https:\/\/levysalis.com\/career\/paralegal\/#breadcrumb"},"inLanguage":"fr-FR","potentialAction":[{"@type":"ReadAction","target":["https:\/\/levysalis.com\/career\/paralegal\/"]}]},{"@type":"BreadcrumbList","@id":"https:\/\/levysalis.com\/career\/paralegal\/#breadcrumb","itemListElement":[{"@type":"ListItem","position":1,"name":"Home","item":"https:\/\/levysalis.com\/fr\/"},{"@type":"ListItem","position":2,"name":"Offre d&#8217;emploi","item":"https:\/\/levysalis.com\/career\/"},{"@type":"ListItem","position":3,"name":"Parajuriste"}]},{"@type":"WebSite","@id":"https:\/\/levysalis.com\/#website","url":"https:\/\/levysalis.com\/","name":"Levy Salis","description":"Avocats &amp; Notaires | Attorneys &amp; Notaries","potentialAction":[{"@type":"SearchAction","target":{"@type":"EntryPoint","urlTemplate":"https:\/\/levysalis.com\/?s={search_term_string}"},"query-input":"required name=search_term_string"}],"inLanguage":"fr-FR"}]}},"_links":{"self":[{"href":"https:\/\/levysalis.com\/fr\/wp-json\/wp\/v2\/pages\/3227","targetHints":{"allow":["GET"]}}],"collection":[{"href":"https:\/\/levysalis.com\/fr\/wp-json\/wp\/v2\/pages"}],"about":[{"href":"https:\/\/levysalis.com\/fr\/wp-json\/wp\/v2\/types\/page"}],"author":[{"embeddable":true,"href":"https:\/\/levysalis.com\/fr\/wp-json\/wp\/v2\/users\/7"}],"replies":[{"embeddable":true,"href":"https:\/\/levysalis.com\/fr\/wp-json\/wp\/v2\/comments?post=3227"}],"version-history":[{"count":0,"href":"https:\/\/levysalis.com\/fr\/wp-json\/wp\/v2\/pages\/3227\/revisions"}],"up":[{"embeddable":true,"href":"https:\/\/levysalis.com\/fr\/wp-json\/wp\/v2\/pages\/2608"}],"wp:attachment":[{"href":"https:\/\/levysalis.com\/fr\/wp-json\/wp\/v2\/media?parent=3227"}],"curies":[{"name":"wp","href":"https:\/\/api.w.org\/{rel}","templated":true}]}}