{"id":31918,"date":"2026-01-06T21:35:25","date_gmt":"2026-01-06T21:35:25","guid":{"rendered":"https:\/\/levysalis.com\/?page_id=31918"},"modified":"2026-01-06T22:28:52","modified_gmt":"2026-01-06T22:28:52","slug":"calculatrice","status":"publish","type":"page","link":"https:\/\/levysalis.com\/fr\/calculatrice\/","title":{"rendered":"Calculatrice"},"content":{"rendered":"<div  class=\"fusion-fullwidth fullwidth-box calculator_page_main nonhundred-percent-fullwidth\"  style='background-color: rgba(255,255,255,0);background-position: center center;background-repeat: no-repeat;padding-top:0px;padding-right:0px;padding-bottom:0px;padding-left:0px;'><div class=\"fusion-builder-row fusion-row \"><div  class=\"fusion-layout-column fusion_builder_column fusion_builder_column_1_3  fusion-one-third fusion-column-first fusion-blend-mode black-box 1_3\"  style='margin-top:0px;margin-bottom:20px;width:33.33%;width:calc(33.33% - ( ( 4% ) * 0.3333 ) );margin-right: 4%;'>\n\t\t\t\t\t<div class=\"fusion-column-wrapper\" style=\"background-color:#111111;padding: 40px 40px 40px 40px;background-position:left top;background-repeat:no-repeat;-webkit-background-size:cover;-moz-background-size:cover;-o-background-size:cover;background-size:cover;\"  data-bg-url=\"\">\n\t\t\t\t\t\t<div class=\"fusion-title title fusion-sep-none fusion-title-size-one\" style=\"margin-top:0px;margin-bottom:31px;\"><h1 class=\"title-heading-left\"><h1 class=\"blurb-title\">Calculatrice<\/h1><\/h1><\/div><div class=\"fusion-sep-clear\"><\/div><div class=\"fusion-separator sep-single sep-solid\" style=\"border-color:#d4d4d4;border-top-width:2px;margin-top:10px;margin-bottom:20px;width:100%;max-width:30px;\"><\/div><p>Un Canadien peut \u00eatre soumis \u00e0 l\u2019imp\u00f4t successoral am\u00e9ricain jusqu\u2019\u00e0 40% de ses actifs am\u00e9ricains \u00e0 son d\u00e9c\u00e8s. Le calcul d\u00e9pend des facteurs suivants :<\/p>\n<p>1. Ann\u00e9e de d\u00e9c\u00e8s<br \/>\n2. La valeur de votre succession am\u00e9ricaine (comprend le bien immobilier am\u00e9ricain et d\u2019actions de soci\u00e9t\u00e9s am\u00e9ricaines d\u00e9tenues en propri\u00e9t\u00e9 directe)<br \/>\n3. La valeur de votre patrimoine mondial (ce qui inclut m\u00eame les REER et les produits d\u2019assurance vie)<\/p>\n<div class=\"fusion-clearfix\"><\/div>\n\n\t\t\t\t\t<\/div>\n\t\t\t\t<\/div><div  class=\"fusion-layout-column fusion_builder_column fusion_builder_column_2_3  fusion-two-third fusion-column-last 2_3\"  style='margin-top:0px;margin-bottom:20px;width:66.66%;width:calc(66.66% - ( ( 4% ) * 0.6666 ) );'>\n\t\t\t\t\t<div class=\"fusion-column-wrapper\" style=\"background-position:left top;background-repeat:no-repeat;-webkit-background-size:cover;-moz-background-size:cover;-o-background-size:cover;background-size:cover;\"  data-bg-url=\"\">\n\t\t\t\t\t\t<p class=\"USTC_title\">Calculatrice des droits successoraux am\u00e9ricains<\/p>\n<p>Si vous avez des biens situ\u00e9s aux \u00c9tats-Unis, nous vous recommandons de consulter un de nos experts transfrontaliers afin de discuter de solutions et de strat\u00e9gies pour les questions de droits successoraux am\u00e9ricains, l&rsquo;homologation de testaments, et d&rsquo;autres enjeux de planification fiscale et successorale transfrontali\u00e8re.<\/p>\n<p style=\"font-size: 11px;\">* Afin de calculer votre exposition, veuillez utiliser la calculatrice ci-dessous. Veuillez noter que la calculatrice refl\u00e8te les changements aux droits sucessoraux am\u00e9ricains en date du 1 janvier 2026. La calculatrice est mise \u00e0 jour annuellement pour refl\u00e9ter des ajustements annuels au montant d\u2019exemption.<\/p>\n<div class=\"USTC_container\">\n  <div class=\"USTC_titlewrapper\">\n  <\/div>\n  <div class=\"USTC_inputcontainer\">\n    <p class=\"USTC_triangle\"><\/p>\n    <input class=\"USTC_USTEV\" type=\"text\" placeholder=\" La valeur des biens imposables aux \u00c9tats-Unis\" id=\"calculator_us_estate_value\">\n    <input class=\"USTC_WWEV\" type=\"text\" placeholder=\" La valeur de la succession mondiale\" id=\"calculator_world_estate_value\">\n  <\/div>\n  <div class=\"USTC_calculateBTNcontainer\">\n    <button id=\"calculator_calculate\">Cliquez ici pour calculer les droits successoraux am\u00e9ricains dus<\/button>\n    <div id=\"calculator_results_block\" class=\"USTC_resultcontainer\" style=\"display:none;\">\n      <table class=\"USTC_resulttable\" width=\"100%\">\n        <tr>\n          <td>Ann\u00e9e<\/td>\n          <td><span id=\"calculator_result_year\"><\/span><\/td>\n        <\/tr>\n        <tr>\n          <td>Montant imposable estim\u00e9<\/td>\n          <td><span id=\"calculator_result_taxable_amount\"><\/span><\/td>\n        <\/tr>\n        <tr>\n          <td>Taux marginal d'imposition<\/td>\n          <td><span id=\"calculator_result_marginal_rate\"><\/span><\/td>\n        <\/tr>\n        <tr>\n          <td>Estimation du montant des droits successoraux<\/td>\n          <td><span id=\"calculator_result_tax_amount\"><\/span><\/td>\n        <\/tr>\n        <tr>\n          <td>Montant du cr\u00e9dit unifi\u00e9<\/td>\n          <td><span id=\"calculator_result_credit_amount\"><\/span><\/td>\n        <\/tr>\n        <tr>\n          <td>Estimation des droits successoraux dus<\/td>\n          <td><span id=\"calculator_result_tax_payable\"><\/span><\/td>\n        <\/tr>\n      <\/table>\n      <p><i>Des avantages additionels de la Convention fiscale entre le Canada et les \u00c9tats-Unis pourraient r\u00e9duire ou \u00e9liminer les droits successoraux dus.<\/i><\/p>\n    <\/div>\n  <\/div>\n<\/div><div class=\"fusion-sep-clear\"><\/div><div class=\"fusion-separator fusion-full-width-sep sep-single sep-solid\" style=\"border-color:#e0dede;border-top-width:1px;margin-left: auto;margin-right: auto;margin-top:30px;margin-bottom:30px;\"><\/div><p class=\"USTC_title\">Calculatrice du test de pr\u00e9sence substantielle<\/p>\n<p>Les <em>snowbirds<\/em> canadiens doivent naviguer des r\u00e8gles complexes entourant le nombre de jours qu\u2019ils sont autoris\u00e9s \u00e0 passer aux \u00c9tats-Unis. L\u2019\u00e9quipe de Levy Salis SENCRL guide fr\u00e9quemment les clients \u00e0 travers les divers enjeux li\u00e9es \u00e0 cette question afin qu\u2019ils puissent prendre des d\u00e9cisions \u00e9clair\u00e9es sur la p\u00e9riode de temps qu\u2019ils passent aux \u00c9tats-Unis. <span class=\"collapseomatic \" id=\"id69f8532004f9c\"  tabindex=\"0\" title=\"En savoir plus &gt;\"    >En savoir plus &gt;<\/span><div id=\"target-id69f8532004f9c\" class=\"collapseomatic_content \"><\/p>\n<p>Le d\u00e9passement du nombre de jours autoris\u00e9s aux \u00c9tats-Unis a d\u2019importantes r\u00e9percussions en mati\u00e8re de fiscalit\u00e9, de succession, d\u2019immigration et de couverture medicale. Les <em>snowbirds<\/em> canadiens doivent tenir compte de deux r\u00e8gles.<\/p>\n<p>Premi\u00e8rement, les Canadiens qui r\u00e9pondent aux crit\u00e8res du test de pr\u00e9sence substantielle peuvent \u00eatre consid\u00e9r\u00e9s r\u00e9sidents des \u00c9tats-Unis aux fins de l\u2019imp\u00f4t par l\u2019IRS (\u00ab\u00a0<em>Internal Revenue Service\u00a0\u00bb)<\/em>. Pour \u00eatre consid\u00e9r\u00e9 substantiellement pr\u00e9sent aux \u00c9tats-Unis, vous devez avoir \u00e9t\u00e9 pr\u00e9sents aux \u00c9tats-Unis pendant au moins 31 durant l\u2019ann\u00e9e d\u2019imposition en cours et en total 183 jours ou plus au cours d\u2019une p\u00e9riode de trois ans qui comprend l\u2019ann\u00e9e en cours et les deux ann\u00e9es pr\u00e9c\u00e9dantes.<\/p>\n<p>Les jours sont calcul\u00e9s en additionnant tous les jours o\u00f9 vous \u00e9tiez pr\u00e9sents au cours de l\u2019ann\u00e9e d\u2019imposition en cours, plus 1\/3 des jours o\u00f9 vous \u00e9tiez pr\u00e9sents l\u2019ann\u00e9e pr\u00e9c\u00e9dente, plus 1\/6 des jours o\u00f9 vous \u00e9tiez pr\u00e9sents dans l\u2019ann\u00e9e pr\u00e9c\u00e9dant celle. Si le r\u00e9sultat est de 183 jours ou plus, vous \u00eates consid\u00e9r\u00e9s \u00eatre substantiellement pr\u00e9sents et donc un r\u00e9sident fiscal des \u00c9tats-Unis. Vous pouvez utiliser la calculatrice ci-dessous pour d\u00e9terminer si vous d\u00e9passez la limite du test de pr\u00e9sence substantielle.<\/p>\n<p>Cependant, si vous pouvez d\u00e9montrer que vous avez un plus grand rattachement \u00e0 un pays autre que les \u00c9tats-Unis, l\u2019IRS vous traitera comme un \u00e9tranger non-r\u00e9sident, m\u00eame si vous d\u00e9passez la limite du test de pr\u00e9sence substantielle. Afin de r\u00e9clamer l\u2019exemption, vous devez soumettre le formulaire 8840 aupr\u00e8s de l\u2019IRS.<\/p>\n<p>D\u2019un point de vue de l\u2019immigration, les Canadiens sont autoris\u00e9s \u00e0 \u00eatre pr\u00e9sents aux \u00c9tats-Unis pour un maximum de 180 jours sur une ann\u00e9e roulante. Le Canada et les \u00c9tats-Unis notent le nombre de jours que les visiteurs passent \u00e0 l\u2019int\u00e9rieur de leurs fronti\u00e8res et ils partagent cette information entre eux, ce qui rend important pour tous les <em>snowbirds<\/em> de garder leur propre rapport d\u00e9taill\u00e9 du nombre de jours qu\u2019ils passent aux \u00c9tats-Unis.<\/p>\n<p>De plus, la plupart des minist\u00e8res provinciaux de la sant\u00e9 requi\u00e8rent une pr\u00e9sence physique de 183 jours dans leurs provinces respectives afin que vous ayez droit \u00e0 une couverture m\u00e9dicale gratuite. Les exceptions comprennent l\u2019Ontario, qui exige 153 jours pour chacune des deux ann\u00e9es cons\u00e9cutives imm\u00e9diatement avant l\u2019absence, et la Terre-Neuve-et-Labrador, qui exige 122 jours.<\/p>\n<p>Les provinces imposent \u00e9galement des exigences de distribution diff\u00e9rentes en ce qui a trait au nombre total de jour o\u00f9 vous \u00eates absents. Alors que certaines exigent une pr\u00e9sence physique de 183 jours par ann\u00e9e civile, d\u2019autres requi\u00e8rent 183 jours, mais permettent d\u2019\u00e9taler ces jours sur toute p\u00e9riode de 12 mois.<\/p>\n<p>Levy Salis SENCRL conseille r\u00e9guli\u00e8rement les <em>snowbirds<\/em> sur les questions ci-dessus. Nous avons une vaste exp\u00e9rience dans la conception et la mise en \u0153uvre de plans d\u2019immigration, de fiscalit\u00e9 et de succession pour les Canadiens qui visitent fr\u00e9quemment les \u00c9tats-Unis afin de s\u2019assurer qu\u2019ils continuent de b\u00e9n\u00e9ficier des avantages de passer des longues p\u00e9riodes de temps au Canada et aux \u00c9tats-Unis.<\/p>\n<p>Afin de calculer si vous d\u00e9passez la limite du test de pr\u00e9sence substantielle, veuillez utilisez la calculatrice ci-dessous.<\/p>\n<p><\/div><\/p>\n<div class=\"USTC_container form_sec_area\">\n  <div class=\"USTC_titlewrapper\">\n  <\/div>\n  <div class=\"USTC_inputcontainer\">\n    <p class=\"USTC_triangle\"><\/p>\n    <p class=\"USTC_subtitle\">Jours pass\u00e9s aux \u00c9tats-Unis*:<\/p>\n    <p class=\"inputContainer\">\n      <input type=\"text\" id=\"calculator_days_in_2016\" class=\"js-calculator-input\" placeholder=\"Ann\u00e9e 2025\" maxlength=\"3\">\n    <\/p>\n    <p class=\"inputContainer\">\n      <input type=\"text\" id=\"calculator_days_in_2015\" class=\"js-calculator-input\" placeholder=\"Ann\u00e9e 2024\" maxlength=\"3\">\n    <\/p>\n    <p class=\"inputContainer\">\n      <input type=\"text\" id=\"calculator_days_in_2014\" class=\"js-calculator-input\" placeholder=\"Ann\u00e9e 2023\" maxlength=\"3\">\n    <\/p>\n  <\/div>\n  <div class=\"USTC_calculateBTNcontainer\">\n    <button id=\"calculator_calculate2\">Cliquez ici pour savoir si vous avez d\u00e9pass\u00e9 la limite du test de pr\u00e9sence substantielle<\/button>\n    <div id=\"calculator_result1\" style=\"display:none\" class=\"js-calculator-result USTC_resultcontainer calcResult\">\n      Vous avez d\u00e9pass\u00e9 la limite du test de pr\u00e9sence substantielle, mais vous ne pouvez pas soumettre le formulaire 8840 intitul\u00e9 \u00ab Closer Connection Exemption Form \u00bb pour l\u2019ann\u00e9e 2023. Nous recommandons que vous consultiez un de nos <a href=\"\/fr\/contact\/consultation\/\">professionnels<\/a> pour discuter de vos options.\n    <\/div>\n    <div id=\"calculator_result2\" style=\"display:none\" class=\"js-calculator-result USTC_resultcontainer calcResult\">\n     Vous avez d\u00e9pass\u00e9 la limite du test de pr\u00e9sence substantielle et vous devrez soumettre le formulaire 8840 \u00ab Closer Connection Exemption Form \u00bb avant le 15 juin 2024.\n    <\/div>\n    <div id=\"calculator_result3\" style=\"display:none\" class=\"js-calculator-result USTC_resultcontainer calcResult\">\nVous n\u2019avez pas d\u00e9pass\u00e9 la limite du test de pr\u00e9sence substantielle. Il n\u2019est donc pas n\u00e9cessaire de soumettre le formulaire 8840 intitul\u00e9 \u00ab Closer Connection Exemption Form \u00bb pour l\u2019ann\u00e9e 2023.\n    <\/div>\n    <div id=\"calculator_error1\" style=\"display:none\" class=\"js-calculator-result USTC_resultcontainer calcError\">\n     Veuillez ajuster vos donn\u00e9es pour les jours pass\u00e9s aux \u00c9tats-Unis. Les entr\u00e9es valides sont entre z\u00e9ro (0) et 365 jours par ann\u00e9e.\n    <\/div>\n    <div id=\"calculator_error2\" style=\"display:none\" class=\"js-calculator-result USTC_resultcontainer calcError\">\n     S'il vous pla\u00eet entrer vos jours pass\u00e9s aux \u00c9tats-Unis et ensuite nous appliquerons le test de pr\u00e9sence substantielle.\n    <\/div>\n    <p class=\"calcInfo\" style=\"font-size:11px;\"><br \/>*Le nombre de jours devrait inclure tous les jours pass\u00e9s aux \u00c9tats-Unis entre le 1 janvier et le 31 d\u00e9cembre de chaque ann\u00e9e.<\/p>\n    \n  <\/div>\n<\/div>\n<div class=\"fusion-clearfix\"><\/div>\n\n\t\t\t\t\t<\/div>\n\t\t\t\t<\/div><\/div><\/div>\n","protected":false},"excerpt":{"rendered":"","protected":false},"author":1,"featured_media":0,"parent":0,"menu_order":0,"comment_status":"closed","ping_status":"closed","template":"","meta":{"_monsterinsights_skip_tracking":false,"_monsterinsights_sitenote_active":false,"_monsterinsights_sitenote_note":"","_monsterinsights_sitenote_category":0,"footnotes":""},"class_list":["post-31918","page","type-page","status-publish","hentry"],"yoast_head":"<!-- This site is optimized with the Yoast SEO plugin v23.0 - https:\/\/yoast.com\/wordpress\/plugins\/seo\/ -->\n<title>Calculatrice &#8211; Levy Salis<\/title>\n<meta name=\"robots\" content=\"index, follow, max-snippet:-1, max-image-preview:large, max-video-preview:-1\" \/>\n<link rel=\"canonical\" href=\"https:\/\/levysalis.com\/fr\/calculatrice\/\" \/>\n<meta property=\"og:locale\" content=\"fr_FR\" \/>\n<meta property=\"og:type\" content=\"article\" \/>\n<meta property=\"og:title\" content=\"Calculatrice &#8211; Levy Salis\" \/>\n<meta property=\"og:url\" content=\"https:\/\/levysalis.com\/fr\/calculatrice\/\" \/>\n<meta property=\"og:site_name\" content=\"Levy Salis\" \/>\n<meta property=\"article:publisher\" content=\"https:\/\/www.facebook.com\/LevySalisLLP\/\" \/>\n<meta property=\"article:modified_time\" content=\"2026-01-06T22:28:52+00:00\" \/>\n<meta name=\"twitter:card\" content=\"summary_large_image\" \/>\n<meta name=\"twitter:site\" content=\"@LevySalisLLP\" \/>\n<meta name=\"twitter:label1\" content=\"Dur\u00e9e de lecture estim\u00e9e\" \/>\n\t<meta name=\"twitter:data1\" content=\"4 minutes\" \/>\n<script type=\"application\/ld+json\" class=\"yoast-schema-graph\">{\"@context\":\"https:\/\/schema.org\",\"@graph\":[{\"@type\":\"WebPage\",\"@id\":\"https:\/\/levysalis.com\/fr\/calculatrice\/\",\"url\":\"https:\/\/levysalis.com\/fr\/calculatrice\/\",\"name\":\"Calculatrice &#8211; Levy Salis\",\"isPartOf\":{\"@id\":\"https:\/\/levysalis.com\/#website\"},\"datePublished\":\"2026-01-06T21:35:25+00:00\",\"dateModified\":\"2026-01-06T22:28:52+00:00\",\"breadcrumb\":{\"@id\":\"https:\/\/levysalis.com\/fr\/calculatrice\/#breadcrumb\"},\"inLanguage\":\"fr-FR\",\"potentialAction\":[{\"@type\":\"ReadAction\",\"target\":[\"https:\/\/levysalis.com\/fr\/calculatrice\/\"]}]},{\"@type\":\"BreadcrumbList\",\"@id\":\"https:\/\/levysalis.com\/fr\/calculatrice\/#breadcrumb\",\"itemListElement\":[{\"@type\":\"ListItem\",\"position\":1,\"name\":\"Home\",\"item\":\"https:\/\/levysalis.com\/fr\/\"},{\"@type\":\"ListItem\",\"position\":2,\"name\":\"Calculatrice\"}]},{\"@type\":\"WebSite\",\"@id\":\"https:\/\/levysalis.com\/#website\",\"url\":\"https:\/\/levysalis.com\/\",\"name\":\"Levy Salis\",\"description\":\"Avocats &amp; Notaires | Attorneys &amp; Notaries\",\"potentialAction\":[{\"@type\":\"SearchAction\",\"target\":{\"@type\":\"EntryPoint\",\"urlTemplate\":\"https:\/\/levysalis.com\/?s={search_term_string}\"},\"query-input\":\"required name=search_term_string\"}],\"inLanguage\":\"fr-FR\"}]}<\/script>\n<!-- \/ Yoast SEO plugin. -->","yoast_head_json":{"title":"Calculatrice &#8211; Levy Salis","robots":{"index":"index","follow":"follow","max-snippet":"max-snippet:-1","max-image-preview":"max-image-preview:large","max-video-preview":"max-video-preview:-1"},"canonical":"https:\/\/levysalis.com\/fr\/calculatrice\/","og_locale":"fr_FR","og_type":"article","og_title":"Calculatrice &#8211; Levy Salis","og_url":"https:\/\/levysalis.com\/fr\/calculatrice\/","og_site_name":"Levy Salis","article_publisher":"https:\/\/www.facebook.com\/LevySalisLLP\/","article_modified_time":"2026-01-06T22:28:52+00:00","twitter_card":"summary_large_image","twitter_site":"@LevySalisLLP","twitter_misc":{"Dur\u00e9e de lecture estim\u00e9e":"4 minutes"},"schema":{"@context":"https:\/\/schema.org","@graph":[{"@type":"WebPage","@id":"https:\/\/levysalis.com\/fr\/calculatrice\/","url":"https:\/\/levysalis.com\/fr\/calculatrice\/","name":"Calculatrice &#8211; Levy Salis","isPartOf":{"@id":"https:\/\/levysalis.com\/#website"},"datePublished":"2026-01-06T21:35:25+00:00","dateModified":"2026-01-06T22:28:52+00:00","breadcrumb":{"@id":"https:\/\/levysalis.com\/fr\/calculatrice\/#breadcrumb"},"inLanguage":"fr-FR","potentialAction":[{"@type":"ReadAction","target":["https:\/\/levysalis.com\/fr\/calculatrice\/"]}]},{"@type":"BreadcrumbList","@id":"https:\/\/levysalis.com\/fr\/calculatrice\/#breadcrumb","itemListElement":[{"@type":"ListItem","position":1,"name":"Home","item":"https:\/\/levysalis.com\/fr\/"},{"@type":"ListItem","position":2,"name":"Calculatrice"}]},{"@type":"WebSite","@id":"https:\/\/levysalis.com\/#website","url":"https:\/\/levysalis.com\/","name":"Levy Salis","description":"Avocats &amp; Notaires | Attorneys &amp; Notaries","potentialAction":[{"@type":"SearchAction","target":{"@type":"EntryPoint","urlTemplate":"https:\/\/levysalis.com\/?s={search_term_string}"},"query-input":"required name=search_term_string"}],"inLanguage":"fr-FR"}]}},"_links":{"self":[{"href":"https:\/\/levysalis.com\/fr\/wp-json\/wp\/v2\/pages\/31918","targetHints":{"allow":["GET"]}}],"collection":[{"href":"https:\/\/levysalis.com\/fr\/wp-json\/wp\/v2\/pages"}],"about":[{"href":"https:\/\/levysalis.com\/fr\/wp-json\/wp\/v2\/types\/page"}],"author":[{"embeddable":true,"href":"https:\/\/levysalis.com\/fr\/wp-json\/wp\/v2\/users\/1"}],"replies":[{"embeddable":true,"href":"https:\/\/levysalis.com\/fr\/wp-json\/wp\/v2\/comments?post=31918"}],"version-history":[{"count":0,"href":"https:\/\/levysalis.com\/fr\/wp-json\/wp\/v2\/pages\/31918\/revisions"}],"wp:attachment":[{"href":"https:\/\/levysalis.com\/fr\/wp-json\/wp\/v2\/media?parent=31918"}],"curies":[{"name":"wp","href":"https:\/\/api.w.org\/{rel}","templated":true}]}}