{"id":31821,"date":"2025-12-19T17:49:19","date_gmt":"2025-12-19T17:49:19","guid":{"rendered":"https:\/\/levysalis.com\/?page_id=31821"},"modified":"2025-12-22T21:01:36","modified_gmt":"2025-12-22T21:01:36","slug":"shira-aflalo","status":"publish","type":"page","link":"https:\/\/levysalis.com\/fr\/equipe\/shira-aflalo\/","title":{"rendered":"Shira Aflalo"},"content":{"rendered":"<div id=\"profile-page\" class=\"fusion-fullwidth fullwidth-box nonhundred-percent-fullwidth\"  style='background-color: rgba(255,255,255,0);background-position: center center;background-repeat: no-repeat;padding-top:0px;padding-right:0px;padding-bottom:0px;padding-left:0px;'><div class=\"fusion-builder-row fusion-row \"><div  class=\"fusion-layout-column fusion_builder_column fusion_builder_column_1_3  fusion-one-third fusion-column-first 1_3\"  style='margin-top:0px;margin-bottom:20px;width:33.33%;width:calc(33.33% - ( ( 4% ) * 0.3333 ) );margin-right: 4%;'>\n\t\t\t\t\t<div class=\"fusion-column-wrapper\" style=\"background-position:left top;background-repeat:no-repeat;-webkit-background-size:cover;-moz-background-size:cover;-o-background-size:cover;background-size:cover;\"  data-bg-url=\"\">\n\t\t\t\t\t\t<span class=\"fusion-imageframe imageframe-none imageframe-1 hover-type-none\"><img loading=\"lazy\" decoding=\"async\" src=\"https:\/\/levysalis.com\/wp-content\/uploads\/2025\/12\/1250x834_LS_SHIRA-AFLALO-1024x683.jpg\" width=\"1024\" height=\"683\" alt=\"\" title=\"1250x834_LS_SHIRA-AFLALO\" class=\"img-responsive wp-image-31823\" srcset=\"https:\/\/levysalis.com\/wp-content\/uploads\/2025\/12\/1250x834_LS_SHIRA-AFLALO-200x133.jpg 200w, https:\/\/levysalis.com\/wp-content\/uploads\/2025\/12\/1250x834_LS_SHIRA-AFLALO-400x267.jpg 400w, https:\/\/levysalis.com\/wp-content\/uploads\/2025\/12\/1250x834_LS_SHIRA-AFLALO-600x400.jpg 600w, https:\/\/levysalis.com\/wp-content\/uploads\/2025\/12\/1250x834_LS_SHIRA-AFLALO-800x534.jpg 800w, https:\/\/levysalis.com\/wp-content\/uploads\/2025\/12\/1250x834_LS_SHIRA-AFLALO-1200x801.jpg 1200w, https:\/\/levysalis.com\/wp-content\/uploads\/2025\/12\/1250x834_LS_SHIRA-AFLALO.jpg 1250w\" sizes=\"auto, (max-width: 800px) 100vw, 1200px\" \/><\/span><div class=\"fusion-sep-clear\"><\/div><div class=\"fusion-separator fusion-full-width-sep sep-none\" style=\"margin-left: auto;margin-right: auto;margin-top:5px;margin-bottom:5px;\"><\/div><div class=\"fusion-button-wrappercenter\"><style type=\"text\/css\" scoped=\"scoped\">.fusion-button.button-1 .fusion-button-text, .fusion-button.button-1 i {color:#ffffff;}.fusion-button.button-1 {border-width:0px;border-color:#ffffff;}.fusion-button.button-1 .fusion-button-icon-divider{border-color:#ffffff;}.fusion-button.button-1:hover .fusion-button-text, .fusion-button.button-1:hover i,.fusion-button.button-1:focus .fusion-button-text, .fusion-button.button-1:focus i,.fusion-button.button-1:active .fusion-button-text, .fusion-button.button-1:active{color:#ffffff;}.fusion-button.button-1:hover, .fusion-button.button-1:focus, .fusion-button.button-1:active{border-width:0px;border-color:#ffffff;}.fusion-button.button-1:hover .fusion-button-icon-divider, .fusion-button.button-1:hover .fusion-button-icon-divider, .fusion-button.button-1:active .fusion-button-icon-divider{border-color:#ffffff;}.fusion-button.button-1{background: #ceaa2d;}.fusion-button.button-1:hover,.button-1:focus,.fusion-button.button-1:active{background: #000000;}.fusion-button.button-1{width:100%;}<\/style><a class=\"fusion-button button-flat fusion-button-round button-large button-custom button-1\" target=\"_self\" href=\"mailto: saflalo@levysalis.com \"><i class=\"fa fa-envelope-o button-icon-left\"><\/i><span class=\"fusion-button-text\">Email: saflalo@levysalis.com <\/span><\/a><\/div><div class=\"fusion-sep-clear\"><\/div><div class=\"fusion-separator fusion-full-width-sep sep-single sep-solid\" style=\"border-color:#e0dede;border-top-width:1px;margin-left: auto;margin-right: auto;margin-top:25px;margin-bottom:25px;\"><\/div><div class=\"aligncenter\"><div class=\"fusion-social-links\"><div class=\"fusion-social-networks\"><div class=\"fusion-social-networks-wrapper\"><a class=\"fusion-social-network-icon fusion-tooltip fusion-linkedin fusion-icon-linkedin\" style=\"color:#000000;\" aria-label=\"fusion-linkedin\" target=\"_blank\" rel=\"noopener noreferrer\" href=\"https:\/\/www.linkedin.com\/in\/shira-aflalo-6328a11ba\/\" data-placement=\"top\" data-title=\"Linkedin\" data-toggle=\"tooltip\" title=\"Linkedin\"><\/a><a class=\"fusion-social-network-icon fusion-tooltip fusion-mail fusion-icon-mail\" style=\"color:#000000;\" aria-label=\"fusion-mail\" target=\"_self\" rel=\"noopener noreferrer\" href=\"mailto:&#115;&#097;&#102;l&#097;&#108;&#111;&#064;le&#118;&#121;sa&#108;i&#115;&#046;&#099;o&#109;\" data-placement=\"top\" data-title=\"Mail\" data-toggle=\"tooltip\" title=\"Mail\"><\/a><\/div><\/div><\/div><\/div><div class=\"fusion-clearfix\"><\/div>\n\n\t\t\t\t\t<\/div>\n\t\t\t\t<\/div><div  class=\"fusion-layout-column fusion_builder_column fusion_builder_column_2_3  fusion-two-third fusion-column-last 2_3\"  style='margin-top:0px;margin-bottom:20px;width:66.66%;width:calc(66.66% - ( ( 4% ) * 0.6666 ) );'>\n\t\t\t\t\t<div class=\"fusion-column-wrapper\" style=\"background-position:left top;background-repeat:no-repeat;-webkit-background-size:cover;-moz-background-size:cover;-o-background-size:cover;background-size:cover;\"  data-bg-url=\"\">\n\t\t\t\t\t\t<div class=\"fusion-title title fusion-sep-none fusion-title-size-one\" style=\"margin-top:0px;margin-bottom:-2px;\"><h1 class=\"title-heading-left\"><h1 class=\"team\">Shira\u00a0Aflalo<\/h1><\/h1><\/div><p class=\"small\">Notaire<\/p>\n<p class=\"small\">LL.L., LL.M<\/p>\n<div class=\"fusion-sep-clear\"><\/div><div class=\"fusion-separator sep-single sep-solid\" style=\"border-color:#666666;border-top-width:2px;margin-top:15px;margin-bottom:15px;width:100%;max-width:30px;\"><\/div><p>Me\u00a0Shira\u00a0Aflalo est notaire et pratique principalement en droit des affaires, en planification successorale, en transactions immobili\u00e8res et en proc\u00e9dures non-contentieuses.\u00a0Elle accompagne les particuliers et les familles dans leurs d\u00e9cisions juridiques importantes avec rigueur et efficacit\u00e9.<\/p>\n<p>Avant de se joindre \u00e0 Levy Salis S.E.N.C.R.L, elle a travaill\u00e9 dans un grand cabinet notarial en droit des affaires, o\u00f9 elle a acquis une exp\u00e9rience qui a renforc\u00e9 son approche professionnelle et minutieuse de sa pratique notariale.<\/p>\n<p>Elle a \u00e9t\u00e9 asserment\u00e9e \u00e0 la Chambre des notaires en ao\u00fbt 2025 et d\u00e9tient un LL.L. ainsi qu\u2019un LL.M. de l\u2019Universit\u00e9 d\u2019Ottawa.<\/p>\n<div class=\"fusion-sep-clear\"><\/div><div class=\"fusion-separator fusion-full-width-sep sep-none\" style=\"margin-left: auto;margin-right: auto;margin-top:15px;\"><\/div><div class=\"fusion-builder-row fusion-builder-row-inner fusion-row \"><div  class=\"fusion-layout-column fusion_builder_column fusion_builder_column_1_2  fusion-one-half fusion-column-first fusion-one-half fusion-column-first 1_2\"  style='margin-top: 0px;margin-bottom: 20px;width:50%;width:calc(50% - ( ( 4% ) * 0.5 ) );margin-right:4%;'>\n\t\t\t\t\t<div class=\"fusion-column-wrapper\" style=\"background-position:left top;background-repeat:no-repeat;-webkit-background-size:cover;-moz-background-size:cover;-o-background-size:cover;background-size:cover;\"  data-bg-url=\"\">\n\t\t\t\t\t\t<ul class=\"fusion-checklist fusion-checklist-1 list_clean\" style=\"font-size:13px;line-height:22.1px;\"><li class=\"fusion-li-item\"><span style=\"background-color:#a0ce4e;font-size:11.44px;height:22.1px;width:22.1px;margin-right:9.1px;\" class=\"icon-wrapper circle-yes\"><i class=\"fusion-li-icon fa fa-check\" style=\"color:#ffffff;\"><\/i><\/span><div class=\"fusion-li-item-content\" style=\"margin-left:31.2px;\">\n<p>BAR ADMISSIONS &amp; AFFILIATIONS<\/p>\n<\/div><\/li><li class=\"fusion-li-item\"><span style=\"background-color:#a0ce4e;font-size:11.44px;height:22.1px;width:22.1px;margin-right:9.1px;\" class=\"icon-wrapper circle-yes\"><i class=\"fusion-li-icon fa fa-check\" style=\"color:#ffffff;\"><\/i><\/span><div class=\"fusion-li-item-content\" style=\"margin-left:31.2px;\">\n<p>Membre de la Chambre des Notaires du Qu\u00e9bec (2025)<\/p>\n<\/div><\/li><li class=\"fusion-li-item\"><span style=\"background-color:#a0ce4e;font-size:11.44px;height:22.1px;width:22.1px;margin-right:9.1px;\" class=\"icon-wrapper circle-yes\"><i class=\"fusion-li-icon fa fa-check\" style=\"color:#ffffff;\"><\/i><\/span><div class=\"fusion-li-item-content\" style=\"margin-left:31.2px;\">\n<p>Membre du Lord Reading Law Society<\/p>\n<\/div><\/li><\/ul>\n\n\t\t\t\t\t<\/div>\n\t\t\t\t<\/div><div  class=\"fusion-layout-column fusion_builder_column fusion_builder_column_1_2  fusion-one-half fusion-column-last fusion-one-half fusion-column-last 1_2\"  style='margin-top: 0px;margin-bottom: 20px;width:50%;width:calc(50% - ( ( 4% ) * 0.5 ) );'>\n\t\t\t\t\t<div class=\"fusion-column-wrapper\" style=\"background-position:left top;background-repeat:no-repeat;-webkit-background-size:cover;-moz-background-size:cover;-o-background-size:cover;background-size:cover;\"  data-bg-url=\"\">\n\t\t\t\t\t\t<ul class=\"fusion-checklist fusion-checklist-2 list_clean\" style=\"font-size:13px;line-height:22.1px;\"><li class=\"fusion-li-item\"><span style=\"background-color:#a0ce4e;font-size:11.44px;height:22.1px;width:22.1px;margin-right:9.1px;\" class=\"icon-wrapper circle-yes\"><i class=\"fusion-li-icon fa fa-check\" style=\"color:#ffffff;\"><\/i><\/span><div class=\"fusion-li-item-content\" style=\"margin-left:31.2px;\">\n<p>EDUCATION<\/p>\n<\/div><\/li><li class=\"fusion-li-item\"><span style=\"background-color:#a0ce4e;font-size:11.44px;height:22.1px;width:22.1px;margin-right:9.1px;\" class=\"icon-wrapper circle-yes\"><i class=\"fusion-li-icon fa fa-check\" style=\"color:#ffffff;\"><\/i><\/span><div class=\"fusion-li-item-content\" style=\"margin-left:31.2px;\">\n<p>Universit\u00e9 d\u2019Ottawa, LL.L., 2023<\/p>\n<\/div><\/li><li class=\"fusion-li-item\"><span style=\"background-color:#a0ce4e;font-size:11.44px;height:22.1px;width:22.1px;margin-right:9.1px;\" class=\"icon-wrapper circle-yes\"><i class=\"fusion-li-icon fa fa-check\" style=\"color:#ffffff;\"><\/i><\/span><div class=\"fusion-li-item-content\" style=\"margin-left:31.2px;\">\n<p>Universit\u00e9 d\u2019Ottawa, LL.M., 2025<\/p>\n<\/div><\/li><\/ul>\n\n\t\t\t\t\t<\/div>\n\t\t\t\t<\/div><\/div><div class=\"fusion-clearfix\"><\/div>\n\n\t\t\t\t\t<\/div>\n\t\t\t\t<\/div><\/div><\/div>\n","protected":false},"excerpt":{"rendered":"","protected":false},"author":7,"featured_media":31825,"parent":611,"menu_order":0,"comment_status":"closed","ping_status":"closed","template":"","meta":{"_monsterinsights_skip_tracking":false,"_monsterinsights_sitenote_active":false,"_monsterinsights_sitenote_note":"","_monsterinsights_sitenote_category":0,"footnotes":""},"class_list":["post-31821","page","type-page","status-publish","has-post-thumbnail","hentry"],"yoast_head":"<!-- This site is optimized with the Yoast SEO plugin v23.0 - https:\/\/yoast.com\/wordpress\/plugins\/seo\/ -->\n<title>Shira Aflalo &#8211; Levy Salis<\/title>\n<meta name=\"description\" content=\"Me Shira Aflalo est notaire et pratique principalement, en droit des affaires en planification successorale, en transactions immobili\u00e8res et en proc\u00e9dures non-contentieuses.\" \/>\n<meta name=\"robots\" content=\"index, follow, max-snippet:-1, max-image-preview:large, max-video-preview:-1\" \/>\n<link rel=\"canonical\" href=\"https:\/\/levysalis.com\/fr\/equipe\/shira-aflalo\/\" \/>\n<meta property=\"og:locale\" content=\"fr_FR\" \/>\n<meta property=\"og:type\" content=\"article\" \/>\n<meta property=\"og:title\" content=\"Shira Aflalo &#8211; Levy Salis\" \/>\n<meta property=\"og:description\" content=\"Me Shira Aflalo est notaire et pratique principalement, en droit des affaires en planification successorale, en transactions immobili\u00e8res et en proc\u00e9dures non-contentieuses.\" \/>\n<meta property=\"og:url\" content=\"https:\/\/levysalis.com\/fr\/equipe\/shira-aflalo\/\" \/>\n<meta property=\"og:site_name\" content=\"Levy Salis\" \/>\n<meta property=\"article:publisher\" content=\"https:\/\/www.facebook.com\/LevySalisLLP\/\" \/>\n<meta property=\"article:modified_time\" content=\"2025-12-22T21:01:36+00:00\" \/>\n<meta property=\"og:image\" content=\"https:\/\/levysalis.com\/wp-content\/uploads\/2025\/12\/Square_LS_SHIRA-AFLALO.jpg\" \/>\n\t<meta property=\"og:image:width\" content=\"1000\" \/>\n\t<meta property=\"og:image:height\" content=\"1000\" \/>\n\t<meta property=\"og:image:type\" content=\"image\/jpeg\" \/>\n<meta name=\"twitter:card\" content=\"summary_large_image\" \/>\n<meta name=\"twitter:site\" content=\"@LevySalisLLP\" \/>\n<meta name=\"twitter:label1\" content=\"Dur\u00e9e de lecture estim\u00e9e\" \/>\n\t<meta name=\"twitter:data1\" content=\"3 minutes\" \/>\n<script type=\"application\/ld+json\" class=\"yoast-schema-graph\">{\"@context\":\"https:\/\/schema.org\",\"@graph\":[{\"@type\":\"WebPage\",\"@id\":\"https:\/\/levysalis.com\/fr\/equipe\/shira-aflalo\/\",\"url\":\"https:\/\/levysalis.com\/fr\/equipe\/shira-aflalo\/\",\"name\":\"Shira Aflalo &#8211; Levy Salis\",\"isPartOf\":{\"@id\":\"https:\/\/levysalis.com\/#website\"},\"primaryImageOfPage\":{\"@id\":\"https:\/\/levysalis.com\/fr\/equipe\/shira-aflalo\/#primaryimage\"},\"image\":{\"@id\":\"https:\/\/levysalis.com\/fr\/equipe\/shira-aflalo\/#primaryimage\"},\"thumbnailUrl\":\"https:\/\/levysalis.com\/wp-content\/uploads\/2025\/12\/Square_LS_SHIRA-AFLALO.jpg\",\"datePublished\":\"2025-12-19T17:49:19+00:00\",\"dateModified\":\"2025-12-22T21:01:36+00:00\",\"description\":\"Me Shira Aflalo est notaire et pratique principalement, en droit des affaires en planification successorale, en transactions immobili\u00e8res et en proc\u00e9dures non-contentieuses.\",\"breadcrumb\":{\"@id\":\"https:\/\/levysalis.com\/fr\/equipe\/shira-aflalo\/#breadcrumb\"},\"inLanguage\":\"fr-FR\",\"potentialAction\":[{\"@type\":\"ReadAction\",\"target\":[\"https:\/\/levysalis.com\/fr\/equipe\/shira-aflalo\/\"]}]},{\"@type\":\"ImageObject\",\"inLanguage\":\"fr-FR\",\"@id\":\"https:\/\/levysalis.com\/fr\/equipe\/shira-aflalo\/#primaryimage\",\"url\":\"https:\/\/levysalis.com\/wp-content\/uploads\/2025\/12\/Square_LS_SHIRA-AFLALO.jpg\",\"contentUrl\":\"https:\/\/levysalis.com\/wp-content\/uploads\/2025\/12\/Square_LS_SHIRA-AFLALO.jpg\",\"width\":1000,\"height\":1000},{\"@type\":\"BreadcrumbList\",\"@id\":\"https:\/\/levysalis.com\/fr\/equipe\/shira-aflalo\/#breadcrumb\",\"itemListElement\":[{\"@type\":\"ListItem\",\"position\":1,\"name\":\"Home\",\"item\":\"https:\/\/levysalis.com\/fr\/\"},{\"@type\":\"ListItem\",\"position\":2,\"name\":\"\u00c9quipe\",\"item\":\"https:\/\/levysalis.com\/fr\/equipe\/\"},{\"@type\":\"ListItem\",\"position\":3,\"name\":\"Shira Aflalo\"}]},{\"@type\":\"WebSite\",\"@id\":\"https:\/\/levysalis.com\/#website\",\"url\":\"https:\/\/levysalis.com\/\",\"name\":\"Levy Salis\",\"description\":\"Avocats &amp; Notaires | Attorneys &amp; Notaries\",\"potentialAction\":[{\"@type\":\"SearchAction\",\"target\":{\"@type\":\"EntryPoint\",\"urlTemplate\":\"https:\/\/levysalis.com\/?s={search_term_string}\"},\"query-input\":\"required name=search_term_string\"}],\"inLanguage\":\"fr-FR\"}]}<\/script>\n<!-- \/ Yoast SEO plugin. -->","yoast_head_json":{"title":"Shira Aflalo &#8211; Levy Salis","description":"Me Shira Aflalo est notaire et pratique principalement, en droit des affaires en planification successorale, en transactions immobili\u00e8res et en proc\u00e9dures non-contentieuses.","robots":{"index":"index","follow":"follow","max-snippet":"max-snippet:-1","max-image-preview":"max-image-preview:large","max-video-preview":"max-video-preview:-1"},"canonical":"https:\/\/levysalis.com\/fr\/equipe\/shira-aflalo\/","og_locale":"fr_FR","og_type":"article","og_title":"Shira Aflalo &#8211; Levy Salis","og_description":"Me Shira Aflalo est notaire et pratique principalement, en droit des affaires en planification successorale, en transactions immobili\u00e8res et en proc\u00e9dures non-contentieuses.","og_url":"https:\/\/levysalis.com\/fr\/equipe\/shira-aflalo\/","og_site_name":"Levy Salis","article_publisher":"https:\/\/www.facebook.com\/LevySalisLLP\/","article_modified_time":"2025-12-22T21:01:36+00:00","og_image":[{"width":1000,"height":1000,"url":"https:\/\/levysalis.com\/wp-content\/uploads\/2025\/12\/Square_LS_SHIRA-AFLALO.jpg","type":"image\/jpeg"}],"twitter_card":"summary_large_image","twitter_site":"@LevySalisLLP","twitter_misc":{"Dur\u00e9e de lecture estim\u00e9e":"3 minutes"},"schema":{"@context":"https:\/\/schema.org","@graph":[{"@type":"WebPage","@id":"https:\/\/levysalis.com\/fr\/equipe\/shira-aflalo\/","url":"https:\/\/levysalis.com\/fr\/equipe\/shira-aflalo\/","name":"Shira Aflalo &#8211; Levy Salis","isPartOf":{"@id":"https:\/\/levysalis.com\/#website"},"primaryImageOfPage":{"@id":"https:\/\/levysalis.com\/fr\/equipe\/shira-aflalo\/#primaryimage"},"image":{"@id":"https:\/\/levysalis.com\/fr\/equipe\/shira-aflalo\/#primaryimage"},"thumbnailUrl":"https:\/\/levysalis.com\/wp-content\/uploads\/2025\/12\/Square_LS_SHIRA-AFLALO.jpg","datePublished":"2025-12-19T17:49:19+00:00","dateModified":"2025-12-22T21:01:36+00:00","description":"Me Shira Aflalo est notaire et pratique principalement, en droit des affaires en planification successorale, en transactions immobili\u00e8res et en proc\u00e9dures non-contentieuses.","breadcrumb":{"@id":"https:\/\/levysalis.com\/fr\/equipe\/shira-aflalo\/#breadcrumb"},"inLanguage":"fr-FR","potentialAction":[{"@type":"ReadAction","target":["https:\/\/levysalis.com\/fr\/equipe\/shira-aflalo\/"]}]},{"@type":"ImageObject","inLanguage":"fr-FR","@id":"https:\/\/levysalis.com\/fr\/equipe\/shira-aflalo\/#primaryimage","url":"https:\/\/levysalis.com\/wp-content\/uploads\/2025\/12\/Square_LS_SHIRA-AFLALO.jpg","contentUrl":"https:\/\/levysalis.com\/wp-content\/uploads\/2025\/12\/Square_LS_SHIRA-AFLALO.jpg","width":1000,"height":1000},{"@type":"BreadcrumbList","@id":"https:\/\/levysalis.com\/fr\/equipe\/shira-aflalo\/#breadcrumb","itemListElement":[{"@type":"ListItem","position":1,"name":"Home","item":"https:\/\/levysalis.com\/fr\/"},{"@type":"ListItem","position":2,"name":"\u00c9quipe","item":"https:\/\/levysalis.com\/fr\/equipe\/"},{"@type":"ListItem","position":3,"name":"Shira Aflalo"}]},{"@type":"WebSite","@id":"https:\/\/levysalis.com\/#website","url":"https:\/\/levysalis.com\/","name":"Levy Salis","description":"Avocats &amp; Notaires | Attorneys &amp; Notaries","potentialAction":[{"@type":"SearchAction","target":{"@type":"EntryPoint","urlTemplate":"https:\/\/levysalis.com\/?s={search_term_string}"},"query-input":"required name=search_term_string"}],"inLanguage":"fr-FR"}]}},"_links":{"self":[{"href":"https:\/\/levysalis.com\/fr\/wp-json\/wp\/v2\/pages\/31821","targetHints":{"allow":["GET"]}}],"collection":[{"href":"https:\/\/levysalis.com\/fr\/wp-json\/wp\/v2\/pages"}],"about":[{"href":"https:\/\/levysalis.com\/fr\/wp-json\/wp\/v2\/types\/page"}],"author":[{"embeddable":true,"href":"https:\/\/levysalis.com\/fr\/wp-json\/wp\/v2\/users\/7"}],"replies":[{"embeddable":true,"href":"https:\/\/levysalis.com\/fr\/wp-json\/wp\/v2\/comments?post=31821"}],"version-history":[{"count":0,"href":"https:\/\/levysalis.com\/fr\/wp-json\/wp\/v2\/pages\/31821\/revisions"}],"up":[{"embeddable":true,"href":"https:\/\/levysalis.com\/fr\/wp-json\/wp\/v2\/pages\/611"}],"wp:featuredmedia":[{"embeddable":true,"href":"https:\/\/levysalis.com\/fr\/wp-json\/wp\/v2\/media\/31825"}],"wp:attachment":[{"href":"https:\/\/levysalis.com\/fr\/wp-json\/wp\/v2\/media?parent=31821"}],"curies":[{"name":"wp","href":"https:\/\/api.w.org\/{rel}","templated":true}]}}