{"id":24572,"date":"2024-12-09T21:39:20","date_gmt":"2024-12-09T21:39:20","guid":{"rendered":"https:\/\/levysalis.com\/?page_id=24572"},"modified":"2024-12-09T21:39:31","modified_gmt":"2024-12-09T21:39:31","slug":"diana-voynova","status":"publish","type":"page","link":"https:\/\/levysalis.com\/fr\/equipe\/diana-voynova\/","title":{"rendered":"Diana Voynova"},"content":{"rendered":"<div id=\"profile-page\" class=\"fusion-fullwidth fullwidth-box nonhundred-percent-fullwidth\"  style='background-color: rgba(255,255,255,0);background-position: center center;background-repeat: no-repeat;padding-top:0px;padding-right:0px;padding-bottom:0px;padding-left:0px;'><div class=\"fusion-builder-row fusion-row \"><div  class=\"fusion-layout-column fusion_builder_column fusion_builder_column_1_3  fusion-one-third fusion-column-first 1_3\"  style='margin-top:0px;margin-bottom:20px;width:33.33%;width:calc(33.33% - ( ( 4% ) * 0.3333 ) );margin-right: 4%;'>\n\t\t\t\t\t<div class=\"fusion-column-wrapper\" style=\"background-position:left top;background-repeat:no-repeat;-webkit-background-size:cover;-moz-background-size:cover;-o-background-size:cover;background-size:cover;\"  data-bg-url=\"\">\n\t\t\t\t\t\t<span class=\"fusion-imageframe imageframe-none imageframe-1 hover-type-none\"><img loading=\"lazy\" decoding=\"async\" src=\"https:\/\/levysalis.com\/wp-content\/uploads\/2024\/09\/LS_Diana_Voynova_1280-1024x683.jpg\" width=\"1024\" height=\"683\" alt=\"\" title=\"LS_Diana_Voynova_1280\" class=\"img-responsive wp-image-24574\" srcset=\"https:\/\/levysalis.com\/wp-content\/uploads\/2024\/09\/LS_Diana_Voynova_1280-200x133.jpg 200w, https:\/\/levysalis.com\/wp-content\/uploads\/2024\/09\/LS_Diana_Voynova_1280-400x267.jpg 400w, https:\/\/levysalis.com\/wp-content\/uploads\/2024\/09\/LS_Diana_Voynova_1280-600x400.jpg 600w, https:\/\/levysalis.com\/wp-content\/uploads\/2024\/09\/LS_Diana_Voynova_1280-800x534.jpg 800w, https:\/\/levysalis.com\/wp-content\/uploads\/2024\/09\/LS_Diana_Voynova_1280-1200x801.jpg 1200w, https:\/\/levysalis.com\/wp-content\/uploads\/2024\/09\/LS_Diana_Voynova_1280.jpg 1250w\" sizes=\"auto, (max-width: 800px) 100vw, 1200px\" \/><\/span><div class=\"fusion-sep-clear\"><\/div><div class=\"fusion-separator fusion-full-width-sep sep-none\" style=\"margin-left: auto;margin-right: auto;margin-top:5px;margin-bottom:5px;\"><\/div><div class=\"fusion-button-wrappercenter\"><style type=\"text\/css\" scoped=\"scoped\">.fusion-button.button-1 .fusion-button-text, .fusion-button.button-1 i {color:#ffffff;}.fusion-button.button-1 {border-width:0px;border-color:#ffffff;}.fusion-button.button-1 .fusion-button-icon-divider{border-color:#ffffff;}.fusion-button.button-1:hover .fusion-button-text, .fusion-button.button-1:hover i,.fusion-button.button-1:focus .fusion-button-text, .fusion-button.button-1:focus i,.fusion-button.button-1:active .fusion-button-text, .fusion-button.button-1:active{color:#ffffff;}.fusion-button.button-1:hover, .fusion-button.button-1:focus, .fusion-button.button-1:active{border-width:0px;border-color:#ffffff;}.fusion-button.button-1:hover .fusion-button-icon-divider, .fusion-button.button-1:hover .fusion-button-icon-divider, .fusion-button.button-1:active .fusion-button-icon-divider{border-color:#ffffff;}.fusion-button.button-1{background: #ceaa2d;}.fusion-button.button-1:hover,.button-1:focus,.fusion-button.button-1:active{background: #000000;}.fusion-button.button-1{width:100%;}<\/style><a class=\"fusion-button button-flat fusion-button-round button-large button-custom button-1\" target=\"_self\" href=\"mailto: dvoynova@levysalis.com\"><i class=\"fa fa-envelope-o button-icon-left\"><\/i><span class=\"fusion-button-text\">Email: dvoynova@levysalis.com<\/span><\/a><\/div><div class=\"fusion-sep-clear\"><\/div><div class=\"fusion-separator fusion-full-width-sep sep-single sep-solid\" style=\"border-color:#e0dede;border-top-width:1px;margin-left: auto;margin-right: auto;margin-top:25px;margin-bottom:25px;\"><\/div><div class=\"aligncenter\"><div class=\"fusion-social-links\"><div class=\"fusion-social-networks\"><div class=\"fusion-social-networks-wrapper\"><a class=\"fusion-social-network-icon fusion-tooltip fusion-mail fusion-icon-mail\" style=\"color:#000000;\" aria-label=\"fusion-mail\" target=\"_self\" rel=\"noopener noreferrer\" href=\"mailto:&#100;&#118;&#111;yno&#118;a&#064;levysa&#108;&#105;&#115;&#046;c&#111;m\" data-placement=\"top\" data-title=\"Mail\" data-toggle=\"tooltip\" title=\"Mail\"><\/a><\/div><\/div><\/div><\/div><div class=\"fusion-clearfix\"><\/div>\n\n\t\t\t\t\t<\/div>\n\t\t\t\t<\/div><div  class=\"fusion-layout-column fusion_builder_column fusion_builder_column_2_3  fusion-two-third fusion-column-last 2_3\"  style='margin-top:0px;margin-bottom:20px;width:66.66%;width:calc(66.66% - ( ( 4% ) * 0.6666 ) );'>\n\t\t\t\t\t<div class=\"fusion-column-wrapper\" style=\"background-position:left top;background-repeat:no-repeat;-webkit-background-size:cover;-moz-background-size:cover;-o-background-size:cover;background-size:cover;\"  data-bg-url=\"\">\n\t\t\t\t\t\t<div class=\"fusion-title title fusion-sep-none fusion-title-size-one\" style=\"margin-top:0px;margin-bottom:-2px;\"><h1 class=\"title-heading-left\"><h1 class=\"team\">Diana Voynova<\/h1><\/h1><\/div><p class=\"small\">Paralegal<\/p>\n<div class=\"fusion-sep-clear\"><\/div><div class=\"fusion-separator sep-single sep-solid\" style=\"border-color:#666666;border-top-width:2px;margin-top:15px;margin-bottom:15px;width:100%;max-width:30px;\"><\/div><p>Diana Voynova est technicienne juridique chez Levy Salis SENCRL. Elle a rejoint le cabinet en 2024 apr\u00e8s avoir effectu\u00e9 son stage au bureau de Montr\u00e9al.<\/p>\n<p>Dans le cadre de ses fonctions, Diana assiste les notaires et les avocats de Levy Salis dans les op\u00e9rations li\u00e9es \u00e0 la planification successorale au Qu\u00e9bec et au r\u00e8glement des successions au Qu\u00e9bec. Ses t\u00e2ches consistent \u00e0 effectuer diverses recherches dans les registres publics, \u00e0 r\u00e9diger et enregistrer des documents, et \u00e0 maintenir le compte en fid\u00e9icommis notarial.<\/p>\n<p>Diana a compl\u00e9t\u00e9 le programme de Techniques juridiques au Coll\u00e8ge CDI avec mention d&rsquo;honneur et est membre de l&rsquo;Association canadienne des parajuristes (CAP).<\/p>\n<div class=\"fusion-sep-clear\"><\/div><div class=\"fusion-separator fusion-full-width-sep sep-none\" style=\"margin-left: auto;margin-right: auto;margin-top:15px;\"><\/div><div class=\"fusion-builder-row fusion-builder-row-inner fusion-row \"><div  class=\"fusion-layout-column fusion_builder_column fusion_builder_column_1_2  fusion-one-half fusion-column-first fusion-one-half fusion-column-first 1_2\"  style='margin-top: 0px;margin-bottom: 20px;width:50%;width:calc(50% - ( ( 4% ) * 0.5 ) );margin-right:4%;'>\n\t\t\t\t\t<div class=\"fusion-column-wrapper\" style=\"background-position:left top;background-repeat:no-repeat;-webkit-background-size:cover;-moz-background-size:cover;-o-background-size:cover;background-size:cover;\"  data-bg-url=\"\">\n\t\t\t\t\t\t<ul class=\"fusion-checklist fusion-checklist-1 list_clean\" style=\"font-size:13px;line-height:22.1px;\"><li class=\"fusion-li-item\"><span style=\"background-color:#a0ce4e;font-size:11.44px;height:22.1px;width:22.1px;margin-right:9.1px;\" class=\"icon-wrapper circle-yes\"><i class=\"fusion-li-icon fa fa-check\" style=\"color:#ffffff;\"><\/i><\/span><div class=\"fusion-li-item-content\" style=\"margin-left:31.2px;\">\n<p>\u00c9DUCATION<\/p>\n<\/div><\/li><li class=\"fusion-li-item\"><span style=\"background-color:#a0ce4e;font-size:11.44px;height:22.1px;width:22.1px;margin-right:9.1px;\" class=\"icon-wrapper circle-yes\"><i class=\"fusion-li-icon fa fa-check\" style=\"color:#ffffff;\"><\/i><\/span><div class=\"fusion-li-item-content\" style=\"margin-left:31.2px;\">\n<div class=\"flex max-w-full flex-col flex-grow\">\n<div class=\"min-h-8 text-message flex w-full flex-col items-end gap-2 whitespace-normal break-words &#091;.text-message+&amp;&#093;:mt-5\" dir=\"auto\" data-message-author-role=\"assistant\" data-message-id=\"8f62da53-bf9a-40db-86d3-260c048f437a\" data-message-model-slug=\"gpt-4o\">\n<div class=\"flex w-full flex-col gap-1 empty:hidden first:pt-&#091;3px&#093;\">\n<div class=\"markdown prose w-full break-words dark:prose-invert dark\">\n<p>AEC en Techniques juridiques au Coll\u00e8ge CDI<\/p>\n<\/div>\n<\/div>\n<\/div>\n<\/div>\n<\/div><\/li><\/ul>\n\n\t\t\t\t\t<\/div>\n\t\t\t\t<\/div><div  class=\"fusion-layout-column fusion_builder_column fusion_builder_column_1_2  fusion-one-half fusion-column-last fusion-one-half fusion-column-last 1_2\"  style='margin-top: 0px;margin-bottom: 20px;width:50%;width:calc(50% - ( ( 4% ) * 0.5 ) );'>\n\t\t\t\t\t<div class=\"fusion-column-wrapper\" style=\"background-position:left top;background-repeat:no-repeat;-webkit-background-size:cover;-moz-background-size:cover;-o-background-size:cover;background-size:cover;\"  data-bg-url=\"\">\n\t\t\t\t\t\t\n\n\t\t\t\t\t<\/div>\n\t\t\t\t<\/div><\/div><div class=\"fusion-clearfix\"><\/div>\n\n\t\t\t\t\t<\/div>\n\t\t\t\t<\/div><\/div><\/div>\n","protected":false},"excerpt":{"rendered":"","protected":false},"author":1,"featured_media":0,"parent":611,"menu_order":0,"comment_status":"closed","ping_status":"closed","template":"","meta":{"_monsterinsights_skip_tracking":false,"_monsterinsights_sitenote_active":false,"_monsterinsights_sitenote_note":"","_monsterinsights_sitenote_category":0,"footnotes":""},"class_list":["post-24572","page","type-page","status-publish","hentry"],"yoast_head":"<!-- This site is optimized with the Yoast SEO plugin v23.0 - https:\/\/yoast.com\/wordpress\/plugins\/seo\/ -->\n<title>Diana Voynova &#8211; Levy Salis<\/title>\n<meta name=\"description\" content=\"Diana Voynova est technicienne juridique chez Levy Salis SENCRL. Elle a rejoint le cabinet en 2024 apr\u00e8s avoir effectu\u00e9 son stage au bureau de Montr\u00e9al.\" \/>\n<meta name=\"robots\" content=\"index, follow, max-snippet:-1, max-image-preview:large, max-video-preview:-1\" \/>\n<link rel=\"canonical\" href=\"https:\/\/levysalis.com\/fr\/equipe\/diana-voynova\/\" \/>\n<meta property=\"og:locale\" content=\"fr_FR\" \/>\n<meta property=\"og:type\" content=\"article\" \/>\n<meta property=\"og:title\" content=\"Diana Voynova &#8211; Levy Salis\" \/>\n<meta property=\"og:description\" content=\"Diana Voynova est technicienne juridique chez Levy Salis SENCRL. Elle a rejoint le cabinet en 2024 apr\u00e8s avoir effectu\u00e9 son stage au bureau de Montr\u00e9al.\" \/>\n<meta property=\"og:url\" content=\"https:\/\/levysalis.com\/fr\/equipe\/diana-voynova\/\" \/>\n<meta property=\"og:site_name\" content=\"Levy Salis\" \/>\n<meta property=\"article:publisher\" content=\"https:\/\/www.facebook.com\/LevySalisLLP\/\" \/>\n<meta property=\"article:modified_time\" content=\"2024-12-09T21:39:31+00:00\" \/>\n<meta property=\"og:image\" content=\"https:\/\/levysalis.com\/wp-content\/uploads\/2024\/09\/LS_Diana_Voynova_1280-1024x683.jpg\" \/>\n<meta name=\"twitter:card\" content=\"summary_large_image\" \/>\n<meta name=\"twitter:site\" content=\"@LevySalisLLP\" \/>\n<meta name=\"twitter:label1\" content=\"Dur\u00e9e de lecture estim\u00e9e\" \/>\n\t<meta name=\"twitter:data1\" content=\"3 minutes\" \/>\n<script type=\"application\/ld+json\" class=\"yoast-schema-graph\">{\"@context\":\"https:\/\/schema.org\",\"@graph\":[{\"@type\":\"WebPage\",\"@id\":\"https:\/\/levysalis.com\/fr\/equipe\/diana-voynova\/\",\"url\":\"https:\/\/levysalis.com\/fr\/equipe\/diana-voynova\/\",\"name\":\"Diana Voynova &#8211; Levy Salis\",\"isPartOf\":{\"@id\":\"https:\/\/levysalis.com\/#website\"},\"primaryImageOfPage\":{\"@id\":\"https:\/\/levysalis.com\/fr\/equipe\/diana-voynova\/#primaryimage\"},\"image\":{\"@id\":\"https:\/\/levysalis.com\/fr\/equipe\/diana-voynova\/#primaryimage\"},\"thumbnailUrl\":\"https:\/\/levysalis.com\/wp-content\/uploads\/2024\/09\/LS_Diana_Voynova_1280-1024x683.jpg\",\"datePublished\":\"2024-12-09T21:39:20+00:00\",\"dateModified\":\"2024-12-09T21:39:31+00:00\",\"description\":\"Diana Voynova est technicienne juridique chez Levy Salis SENCRL. Elle a rejoint le cabinet en 2024 apr\u00e8s avoir effectu\u00e9 son stage au bureau de Montr\u00e9al.\",\"breadcrumb\":{\"@id\":\"https:\/\/levysalis.com\/fr\/equipe\/diana-voynova\/#breadcrumb\"},\"inLanguage\":\"fr-FR\",\"potentialAction\":[{\"@type\":\"ReadAction\",\"target\":[\"https:\/\/levysalis.com\/fr\/equipe\/diana-voynova\/\"]}]},{\"@type\":\"ImageObject\",\"inLanguage\":\"fr-FR\",\"@id\":\"https:\/\/levysalis.com\/fr\/equipe\/diana-voynova\/#primaryimage\",\"url\":\"https:\/\/levysalis.com\/wp-content\/uploads\/2024\/09\/LS_Diana_Voynova_1280-1024x683.jpg\",\"contentUrl\":\"https:\/\/levysalis.com\/wp-content\/uploads\/2024\/09\/LS_Diana_Voynova_1280-1024x683.jpg\"},{\"@type\":\"BreadcrumbList\",\"@id\":\"https:\/\/levysalis.com\/fr\/equipe\/diana-voynova\/#breadcrumb\",\"itemListElement\":[{\"@type\":\"ListItem\",\"position\":1,\"name\":\"Home\",\"item\":\"https:\/\/levysalis.com\/fr\/\"},{\"@type\":\"ListItem\",\"position\":2,\"name\":\"\u00c9quipe\",\"item\":\"https:\/\/levysalis.com\/fr\/equipe\/\"},{\"@type\":\"ListItem\",\"position\":3,\"name\":\"Diana Voynova\"}]},{\"@type\":\"WebSite\",\"@id\":\"https:\/\/levysalis.com\/#website\",\"url\":\"https:\/\/levysalis.com\/\",\"name\":\"Levy Salis\",\"description\":\"Avocats &amp; Notaires | Attorneys &amp; Notaries\",\"potentialAction\":[{\"@type\":\"SearchAction\",\"target\":{\"@type\":\"EntryPoint\",\"urlTemplate\":\"https:\/\/levysalis.com\/?s={search_term_string}\"},\"query-input\":\"required name=search_term_string\"}],\"inLanguage\":\"fr-FR\"}]}<\/script>\n<!-- \/ Yoast SEO plugin. -->","yoast_head_json":{"title":"Diana Voynova &#8211; Levy Salis","description":"Diana Voynova est technicienne juridique chez Levy Salis SENCRL. Elle a rejoint le cabinet en 2024 apr\u00e8s avoir effectu\u00e9 son stage au bureau de Montr\u00e9al.","robots":{"index":"index","follow":"follow","max-snippet":"max-snippet:-1","max-image-preview":"max-image-preview:large","max-video-preview":"max-video-preview:-1"},"canonical":"https:\/\/levysalis.com\/fr\/equipe\/diana-voynova\/","og_locale":"fr_FR","og_type":"article","og_title":"Diana Voynova &#8211; Levy Salis","og_description":"Diana Voynova est technicienne juridique chez Levy Salis SENCRL. Elle a rejoint le cabinet en 2024 apr\u00e8s avoir effectu\u00e9 son stage au bureau de Montr\u00e9al.","og_url":"https:\/\/levysalis.com\/fr\/equipe\/diana-voynova\/","og_site_name":"Levy Salis","article_publisher":"https:\/\/www.facebook.com\/LevySalisLLP\/","article_modified_time":"2024-12-09T21:39:31+00:00","og_image":[{"url":"https:\/\/levysalis.com\/wp-content\/uploads\/2024\/09\/LS_Diana_Voynova_1280-1024x683.jpg"}],"twitter_card":"summary_large_image","twitter_site":"@LevySalisLLP","twitter_misc":{"Dur\u00e9e de lecture estim\u00e9e":"3 minutes"},"schema":{"@context":"https:\/\/schema.org","@graph":[{"@type":"WebPage","@id":"https:\/\/levysalis.com\/fr\/equipe\/diana-voynova\/","url":"https:\/\/levysalis.com\/fr\/equipe\/diana-voynova\/","name":"Diana Voynova &#8211; Levy Salis","isPartOf":{"@id":"https:\/\/levysalis.com\/#website"},"primaryImageOfPage":{"@id":"https:\/\/levysalis.com\/fr\/equipe\/diana-voynova\/#primaryimage"},"image":{"@id":"https:\/\/levysalis.com\/fr\/equipe\/diana-voynova\/#primaryimage"},"thumbnailUrl":"https:\/\/levysalis.com\/wp-content\/uploads\/2024\/09\/LS_Diana_Voynova_1280-1024x683.jpg","datePublished":"2024-12-09T21:39:20+00:00","dateModified":"2024-12-09T21:39:31+00:00","description":"Diana Voynova est technicienne juridique chez Levy Salis SENCRL. Elle a rejoint le cabinet en 2024 apr\u00e8s avoir effectu\u00e9 son stage au bureau de Montr\u00e9al.","breadcrumb":{"@id":"https:\/\/levysalis.com\/fr\/equipe\/diana-voynova\/#breadcrumb"},"inLanguage":"fr-FR","potentialAction":[{"@type":"ReadAction","target":["https:\/\/levysalis.com\/fr\/equipe\/diana-voynova\/"]}]},{"@type":"ImageObject","inLanguage":"fr-FR","@id":"https:\/\/levysalis.com\/fr\/equipe\/diana-voynova\/#primaryimage","url":"https:\/\/levysalis.com\/wp-content\/uploads\/2024\/09\/LS_Diana_Voynova_1280-1024x683.jpg","contentUrl":"https:\/\/levysalis.com\/wp-content\/uploads\/2024\/09\/LS_Diana_Voynova_1280-1024x683.jpg"},{"@type":"BreadcrumbList","@id":"https:\/\/levysalis.com\/fr\/equipe\/diana-voynova\/#breadcrumb","itemListElement":[{"@type":"ListItem","position":1,"name":"Home","item":"https:\/\/levysalis.com\/fr\/"},{"@type":"ListItem","position":2,"name":"\u00c9quipe","item":"https:\/\/levysalis.com\/fr\/equipe\/"},{"@type":"ListItem","position":3,"name":"Diana Voynova"}]},{"@type":"WebSite","@id":"https:\/\/levysalis.com\/#website","url":"https:\/\/levysalis.com\/","name":"Levy Salis","description":"Avocats &amp; Notaires | Attorneys &amp; Notaries","potentialAction":[{"@type":"SearchAction","target":{"@type":"EntryPoint","urlTemplate":"https:\/\/levysalis.com\/?s={search_term_string}"},"query-input":"required name=search_term_string"}],"inLanguage":"fr-FR"}]}},"_links":{"self":[{"href":"https:\/\/levysalis.com\/fr\/wp-json\/wp\/v2\/pages\/24572","targetHints":{"allow":["GET"]}}],"collection":[{"href":"https:\/\/levysalis.com\/fr\/wp-json\/wp\/v2\/pages"}],"about":[{"href":"https:\/\/levysalis.com\/fr\/wp-json\/wp\/v2\/types\/page"}],"author":[{"embeddable":true,"href":"https:\/\/levysalis.com\/fr\/wp-json\/wp\/v2\/users\/1"}],"replies":[{"embeddable":true,"href":"https:\/\/levysalis.com\/fr\/wp-json\/wp\/v2\/comments?post=24572"}],"version-history":[{"count":0,"href":"https:\/\/levysalis.com\/fr\/wp-json\/wp\/v2\/pages\/24572\/revisions"}],"up":[{"embeddable":true,"href":"https:\/\/levysalis.com\/fr\/wp-json\/wp\/v2\/pages\/611"}],"wp:attachment":[{"href":"https:\/\/levysalis.com\/fr\/wp-json\/wp\/v2\/media?parent=24572"}],"curies":[{"name":"wp","href":"https:\/\/api.w.org\/{rel}","templated":true}]}}