{"id":1619,"date":"2018-12-12T23:18:31","date_gmt":"2018-12-12T23:18:31","guid":{"rendered":"http:\/\/levysalis.com\/dans-les-nouvelles\/"},"modified":"2018-12-12T23:18:33","modified_gmt":"2018-12-12T23:18:33","slug":"dans-les-nouvelles","status":"publish","type":"page","link":"https:\/\/levysalis.com\/fr\/dans-les-nouvelles\/","title":{"rendered":"Dans les Nouvelles"},"content":{"rendered":"<div  class=\"fusion-fullwidth fullwidth-box nonhundred-percent-fullwidth\"  style='background-color: rgba(255,255,255,0);background-position: center center;background-repeat: no-repeat;padding-top:0px;padding-right:0px;padding-bottom:0px;padding-left:0px;'><div class=\"fusion-builder-row fusion-row \"><div  class=\"fusion-layout-column fusion_builder_column fusion_builder_column_1_1  fusion-one-full fusion-column-first fusion-column-last 1_1\"  style='margin-top:0px;margin-bottom:20px;'>\n\t\t\t\t\t<div class=\"fusion-column-wrapper\" style=\"background-position:left top;background-repeat:no-repeat;-webkit-background-size:cover;-moz-background-size:cover;-o-background-size:cover;background-size:cover;\"  data-bg-url=\"\">\n\t\t\t\t\t\t<div class=\"fusion-blog-shortcode fusion-blog-shortcode-1 fusion-blog-archive fusion-blog-layout-medium fusion-blog-pagination fusion-blog-no-images\"><div class=\"fusion-posts-container fusion-posts-container-pagination\" data-pages=\"5\"><article id=\"post-31942\" class=\"fusion-post-medium post-31942 post type-post status-publish format-standard has-post-thumbnail hentry category-actualites-du-cabinet category-dans-les-nouvelles tag-dans-les-nouvelles\">\n<div class=\"fusion-post-content post-content\"><h2 class=\"blog-shortcode-post-title entry-title\"><a href=\"https:\/\/levysalis.com\/fr\/blog\/bienvenue-maria-zolotova\/\">Bienvenue Maria Zolotova<\/a><\/h2><div class=\"fusion-post-content-container\"><p>Levy Salis S.E.N.C.R.L. souhaite la bienvenue \u00e0 Maria Zolotova, avocate en droit fiscal et en droit des soci\u00e9t\u00e9s, qui conseille une client\u00e8le canadienne et internationale en mati\u00e8re de fiscalit\u00e9 transfrontali\u00e8re et de transactions commerciales.<\/p><\/div><\/div><div class=\"fusion-clearfix\"><\/div><div class=\"fusion-meta-info\"><div class=\"fusion-alignleft\">By <span class=\"vcard\"><span class=\"fn\"><a href=\"https:\/\/levysalis.com\/fr\/blog\/author\/creative_team-levy_salis\/\">Levy Salis<\/a><\/span><\/span><span class=\"fusion-inline-sep\">|<\/span>\n\t\t\t\n\t\t\t\n\t\t\t\t\t\t\t<span class=\"updated\" style=\"display:none;\">\n\t\t\t\t\t2026-01-20T18:27:11+00:00\t\t\t\t<\/span>\n\t\t\t\n\t\t<span>janvier 19th, 2026<\/span><span class=\"fusion-inline-sep\">|<\/span>Categories: <a href=\"https:\/\/levysalis.com\/fr\/blog\/category\/actualites-du-cabinet\/\" rel=\"category tag\">Actualit\u00e9s du cabinet<\/a>, <a href=\"https:\/\/levysalis.com\/fr\/blog\/category\/dans-les-nouvelles\/\" rel=\"category tag\">Dans les nouvelles<\/a><span class=\"fusion-inline-sep\">|<\/span><span class=\"meta-tags\">Tags: <a href=\"https:\/\/levysalis.com\/fr\/blog\/tag\/dans-les-nouvelles\/\" rel=\"tag\">Dans les nouvelles<\/a><\/span><span class=\"fusion-inline-sep\">|<\/span><\/div><div class=\"fusion-alignright\"><a class=\"fusion-read-more\" href=\"https:\/\/levysalis.com\/fr\/blog\/bienvenue-maria-zolotova\/\">Read More<\/a><\/div><\/div><\/article>\n<article id=\"post-31840\" class=\"fusion-post-medium post-31840 post type-post status-publish format-standard has-post-thumbnail hentry category-dans-les-nouvelles\">\n<div class=\"fusion-post-content post-content\"><h2 class=\"blog-shortcode-post-title entry-title\"><a href=\"https:\/\/levysalis.com\/fr\/blog\/2025-contribution-annuelle\/\">2025 &#8211; Contribution annuelle<\/a><\/h2><div class=\"fusion-post-content-container\"><p>\"Levy Salis SENCRL est fier de parrainer le tournoi de golf Donald Berman Maimonides 2023 et d'autres \u00e9v\u00e9nements charitables \u00e0 Montr\u00e9al\".<\/p><\/div><\/div><div class=\"fusion-clearfix\"><\/div><div class=\"fusion-meta-info\"><div class=\"fusion-alignleft\">By <span class=\"vcard\"><span class=\"fn\"><a href=\"https:\/\/levysalis.com\/fr\/blog\/author\/shlomilevy\/\">Shlomi Steve Levy<\/a><\/span><\/span><span class=\"fusion-inline-sep\">|<\/span>\n\t\t\t\n\t\t\t\n\t\t\t\t\t\t\t<span class=\"updated\" style=\"display:none;\">\n\t\t\t\t\t2025-12-23T20:19:03+00:00\t\t\t\t<\/span>\n\t\t\t\n\t\t<span>d\u00e9cembre 23rd, 2025<\/span><span class=\"fusion-inline-sep\">|<\/span>Categories: <a href=\"https:\/\/levysalis.com\/fr\/blog\/category\/dans-les-nouvelles\/\" rel=\"category tag\">Dans les nouvelles<\/a><span class=\"fusion-inline-sep\">|<\/span><\/div><div class=\"fusion-alignright\"><a class=\"fusion-read-more\" href=\"https:\/\/levysalis.com\/fr\/blog\/2025-contribution-annuelle\/\">Read More<\/a><\/div><\/div><\/article>\n<article id=\"post-22505\" class=\"fusion-post-medium post-22505 post type-post status-publish format-standard has-post-thumbnail hentry category-dans-les-nouvelles category-media-fr tag-dans-les-nouvelles\">\n<div class=\"fusion-post-content post-content\"><h2 class=\"blog-shortcode-post-title entry-title\"><a href=\"https:\/\/levysalis.com\/fr\/blog\/bienvenue-kevyn-nightingale\/\">Bienvenue Kevyn Nightingale<\/a><\/h2><div class=\"fusion-post-content-container\"><p>Bienvenue \u00e0 Kevyn Nightingale chez Levy Salis S.E.N.C.R.L. en tant que responsable de la planification fiscale transfrontali\u00e8re, apportant plus de 35 ans d'expertise en fiscalit\u00e9 internationale.<\/p><\/div><\/div><div class=\"fusion-clearfix\"><\/div><div class=\"fusion-meta-info\"><div class=\"fusion-alignleft\">By <span class=\"vcard\"><span class=\"fn\"><a href=\"https:\/\/levysalis.com\/fr\/blog\/author\/shlomilevy\/\">Shlomi Steve Levy<\/a><\/span><\/span><span class=\"fusion-inline-sep\">|<\/span>\n\t\t\t\n\t\t\t\n\t\t\t\t\t\t\t<span class=\"updated\" style=\"display:none;\">\n\t\t\t\t\t2024-06-10T17:35:44+00:00\t\t\t\t<\/span>\n\t\t\t\n\t\t<span>juin 6th, 2024<\/span><span class=\"fusion-inline-sep\">|<\/span>Categories: <a href=\"https:\/\/levysalis.com\/fr\/blog\/category\/dans-les-nouvelles\/\" rel=\"category tag\">Dans les nouvelles<\/a>, <a href=\"https:\/\/levysalis.com\/fr\/blog\/category\/media-fr\/\" rel=\"category tag\">M\u00e9dia<\/a><span class=\"fusion-inline-sep\">|<\/span><span class=\"meta-tags\">Tags: <a href=\"https:\/\/levysalis.com\/fr\/blog\/tag\/dans-les-nouvelles\/\" rel=\"tag\">Dans les nouvelles<\/a><\/span><span class=\"fusion-inline-sep\">|<\/span><\/div><div class=\"fusion-alignright\"><a class=\"fusion-read-more\" href=\"https:\/\/levysalis.com\/fr\/blog\/bienvenue-kevyn-nightingale\/\">Read More<\/a><\/div><\/div><\/article>\n<article id=\"post-19848\" class=\"fusion-post-medium post-19848 post type-post status-publish format-standard has-post-thumbnail hentry category-dans-les-nouvelles category-media-fr\">\n<div class=\"fusion-post-content post-content\"><h2 class=\"blog-shortcode-post-title entry-title\"><a href=\"https:\/\/levysalis.com\/fr\/blog\/2023-contribution-annuelle\/\">2023 &#8211; Contribution annuelle<\/a><\/h2><div class=\"fusion-post-content-container\"><p>\"Levy Salis SENCRL est fier de parrainer le tournoi de golf Donald Berman Maimonides 2023 et d'autres \u00e9v\u00e9nements charitables \u00e0 Montr\u00e9al\".<\/p><\/div><\/div><div class=\"fusion-clearfix\"><\/div><div class=\"fusion-meta-info\"><div class=\"fusion-alignleft\">By <span class=\"vcard\"><span class=\"fn\"><a href=\"https:\/\/levysalis.com\/fr\/blog\/author\/shlomilevy\/\">Shlomi Steve Levy<\/a><\/span><\/span><span class=\"fusion-inline-sep\">|<\/span>\n\t\t\t\n\t\t\t\n\t\t\t\t\t\t\t<span class=\"updated\" style=\"display:none;\">\n\t\t\t\t\t2023-12-21T15:39:03+00:00\t\t\t\t<\/span>\n\t\t\t\n\t\t<span>d\u00e9cembre 20th, 2023<\/span><span class=\"fusion-inline-sep\">|<\/span>Categories: <a href=\"https:\/\/levysalis.com\/fr\/blog\/category\/dans-les-nouvelles\/\" rel=\"category tag\">Dans les nouvelles<\/a>, <a href=\"https:\/\/levysalis.com\/fr\/blog\/category\/media-fr\/\" rel=\"category tag\">M\u00e9dia<\/a><span class=\"fusion-inline-sep\">|<\/span><\/div><div class=\"fusion-alignright\"><a class=\"fusion-read-more\" href=\"https:\/\/levysalis.com\/fr\/blog\/2023-contribution-annuelle\/\">Read More<\/a><\/div><\/div><\/article>\n<article id=\"post-15154\" class=\"fusion-post-medium post-15154 post type-post status-publish format-standard has-post-thumbnail hentry category-dans-les-nouvelles category-media-fr tag-dans-les-nouvelles\">\n<div class=\"fusion-post-content post-content\"><h2 class=\"blog-shortcode-post-title entry-title\"><a href=\"https:\/\/levysalis.com\/fr\/blog\/bienvenue-a-jocelyn-caron\/\">Bienvenue \u00e0 Jocelyn Caron<\/a><\/h2><div class=\"fusion-post-content-container\"><p>Levy Salis S.E.N.C.R.L., a le plaisir d\u2019accueillir Jocelyn Caron, parajuriste principal.<\/p><\/div><\/div><div class=\"fusion-clearfix\"><\/div><div class=\"fusion-meta-info\"><div class=\"fusion-alignleft\">By <span class=\"vcard\"><span class=\"fn\"><a href=\"https:\/\/levysalis.com\/fr\/blog\/author\/shlomilevy\/\">Shlomi Steve Levy<\/a><\/span><\/span><span class=\"fusion-inline-sep\">|<\/span>\n\t\t\t\n\t\t\t\n\t\t\t\t\t\t\t<span class=\"updated\" style=\"display:none;\">\n\t\t\t\t\t2023-02-21T16:18:59+00:00\t\t\t\t<\/span>\n\t\t\t\n\t\t<span>f\u00e9vrier 21st, 2023<\/span><span class=\"fusion-inline-sep\">|<\/span>Categories: <a href=\"https:\/\/levysalis.com\/fr\/blog\/category\/dans-les-nouvelles\/\" rel=\"category tag\">Dans les nouvelles<\/a>, <a href=\"https:\/\/levysalis.com\/fr\/blog\/category\/media-fr\/\" rel=\"category tag\">M\u00e9dia<\/a><span class=\"fusion-inline-sep\">|<\/span><span class=\"meta-tags\">Tags: <a href=\"https:\/\/levysalis.com\/fr\/blog\/tag\/dans-les-nouvelles\/\" rel=\"tag\">Dans les nouvelles<\/a><\/span><span class=\"fusion-inline-sep\">|<\/span><\/div><div class=\"fusion-alignright\"><a class=\"fusion-read-more\" href=\"https:\/\/levysalis.com\/fr\/blog\/bienvenue-a-jocelyn-caron\/\">Read More<\/a><\/div><\/div><\/article>\n<article id=\"post-14524\" class=\"fusion-post-medium post-14524 post type-post status-publish format-standard has-post-thumbnail hentry category-dans-les-nouvelles category-media-fr\">\n<div class=\"fusion-post-content post-content\"><h2 class=\"blog-shortcode-post-title entry-title\"><a href=\"https:\/\/levysalis.com\/fr\/blog\/2022-contribution-annuelle\/\">2022 &#8211; Contribution annuelle<\/a><\/h2><div class=\"fusion-post-content-container\"><p>En 2022, Levy Salis SENCRL a \u00e9t\u00e9 un fier commanditaire du Tournoi de golf Donald Berman Maimonides 2022 de RBC Gestion de patrimoine, BBQ urbain \u2013 Pr\u00e9sent\u00e9 par RBC au profit de la Soci\u00e9t\u00e9 de recherche sur le cancer, de Centraide du Grand Montr\u00e9al et de la troisi\u00e8me \u00e9dition du tournoi de golf Invitation Serge Savard .<\/p><\/div><\/div><div class=\"fusion-clearfix\"><\/div><div class=\"fusion-meta-info\"><div class=\"fusion-alignleft\">By <span class=\"vcard\"><span class=\"fn\"><a href=\"https:\/\/levysalis.com\/fr\/blog\/author\/shlomilevy\/\">Shlomi Steve Levy<\/a><\/span><\/span><span class=\"fusion-inline-sep\">|<\/span>\n\t\t\t\n\t\t\t\n\t\t\t\t\t\t\t<span class=\"updated\" style=\"display:none;\">\n\t\t\t\t\t2022-12-23T17:09:47+00:00\t\t\t\t<\/span>\n\t\t\t\n\t\t<span>d\u00e9cembre 22nd, 2022<\/span><span class=\"fusion-inline-sep\">|<\/span>Categories: <a href=\"https:\/\/levysalis.com\/fr\/blog\/category\/dans-les-nouvelles\/\" rel=\"category tag\">Dans les nouvelles<\/a>, <a href=\"https:\/\/levysalis.com\/fr\/blog\/category\/media-fr\/\" rel=\"category tag\">M\u00e9dia<\/a><span class=\"fusion-inline-sep\">|<\/span><\/div><div class=\"fusion-alignright\"><a class=\"fusion-read-more\" href=\"https:\/\/levysalis.com\/fr\/blog\/2022-contribution-annuelle\/\">Read More<\/a><\/div><\/div><\/article>\n<\/div>\t\t\t\t\t\t<div class='pagination clearfix'>\r\n\t\t\t\t\t\r\n\t\t\t\t\t\r\n\t\t\t\t\t\t\t\t\t\t\t\t\t\t\t\t\t\t\t\t\t\t\t\t\t\t<span class=\"current\">1<\/span>\r\n\t\t\t\t\t\t\t\t\t\t\t\t\t\t\t\t\t\t\t\t\t\t\t\t\t\t\t\t\t\t\t\t\t\t\t\t\t\t\t<a href=\"https:\/\/levysalis.com\/fr\/wp-json\/wp\/v2\/pages\/1619\/page\/2\/\" class=\"inactive\">2<\/a>\r\n\t\t\t\t\t\t\t\t\t\t\t\t\t\t\t\t\t\t\t\t\t\t\t\t\t\t\t\t\t\t\t\t\t\t\t\t\t\t\t<a href=\"https:\/\/levysalis.com\/fr\/wp-json\/wp\/v2\/pages\/1619\/page\/3\/\" class=\"inactive\">3<\/a>\r\n\t\t\t\t\t\t\t\t\t\t\t\t\t\t\t\t\t\t\t\t\t\t\t\t\t\t\t\t\t\t\t\t\t\t\t\t\t\t\t<a href=\"https:\/\/levysalis.com\/fr\/wp-json\/wp\/v2\/pages\/1619\/page\/4\/\" class=\"inactive\">4<\/a>\r\n\t\t\t\t\t\t\t\t\t\t\t\t\t\t\t\t\t\t\t\t\t\t\t\t\t\t\t\t\t\t\t\t\t\t\t\t\t\t\t<a href=\"https:\/\/levysalis.com\/fr\/wp-json\/wp\/v2\/pages\/1619\/page\/5\/\" class=\"inactive\">5<\/a>\r\n\t\t\t\t\t\t\t\t\t\t\t\t\t\t\t\t\t\t\r\n\t\t\t\t\t\t\t\t\t\t\t<a class=\"pagination-next\" href=\"https:\/\/levysalis.com\/fr\/wp-json\/wp\/v2\/pages\/1619\/page\/2\/\">\r\n\t\t\t\t\t\t\t<span class=\"page-text\">Next<\/span>\r\n\t\t\t\t\t\t\t<span class=\"page-next\"><\/span>\r\n\t\t\t\t\t\t<\/a>\r\n\t\t\t\t\t\r\n\t\t\t\t\t<\/div>\r\n\t\t\t\t\t\t\t\t\t\t\t<div class=\"fusion-clearfix\"><\/div>\r\n\t\t\t\t\t\t\t\t\t\t<\/div><div class=\"fusion-clearfix\"><\/div>\n\n\t\t\t\t\t<\/div>\n\t\t\t\t<\/div><\/div><\/div>\n","protected":false},"excerpt":{"rendered":"","protected":false},"author":2,"featured_media":0,"parent":0,"menu_order":0,"comment_status":"closed","ping_status":"closed","template":"","meta":{"_monsterinsights_skip_tracking":false,"_monsterinsights_sitenote_active":false,"_monsterinsights_sitenote_note":"","_monsterinsights_sitenote_category":0,"footnotes":""},"class_list":["post-1619","page","type-page","status-publish","hentry"],"yoast_head":"<!-- This site is optimized with the Yoast SEO plugin v23.0 - https:\/\/yoast.com\/wordpress\/plugins\/seo\/ -->\n<title>Dans les Nouvelles &#8211; Levy Salis<\/title>\n<meta name=\"robots\" content=\"index, follow, max-snippet:-1, max-image-preview:large, max-video-preview:-1\" \/>\n<link rel=\"canonical\" href=\"https:\/\/levysalis.com\/fr\/dans-les-nouvelles\/\" \/>\n<meta property=\"og:locale\" content=\"fr_FR\" \/>\n<meta property=\"og:type\" content=\"article\" \/>\n<meta property=\"og:title\" content=\"Dans les Nouvelles &#8211; Levy Salis\" \/>\n<meta property=\"og:url\" content=\"https:\/\/levysalis.com\/fr\/dans-les-nouvelles\/\" \/>\n<meta property=\"og:site_name\" content=\"Levy Salis\" \/>\n<meta property=\"article:publisher\" content=\"https:\/\/www.facebook.com\/LevySalisLLP\/\" \/>\n<meta property=\"article:modified_time\" content=\"2018-12-12T23:18:33+00:00\" \/>\n<meta name=\"twitter:card\" content=\"summary_large_image\" \/>\n<meta name=\"twitter:site\" content=\"@LevySalisLLP\" \/>\n<meta name=\"twitter:label1\" content=\"Dur\u00e9e de lecture estim\u00e9e\" \/>\n\t<meta name=\"twitter:data1\" content=\"1 minute\" \/>\n<script type=\"application\/ld+json\" class=\"yoast-schema-graph\">{\"@context\":\"https:\/\/schema.org\",\"@graph\":[{\"@type\":\"WebPage\",\"@id\":\"https:\/\/levysalis.com\/fr\/dans-les-nouvelles\/\",\"url\":\"https:\/\/levysalis.com\/fr\/dans-les-nouvelles\/\",\"name\":\"Dans les Nouvelles &#8211; Levy Salis\",\"isPartOf\":{\"@id\":\"https:\/\/levysalis.com\/#website\"},\"datePublished\":\"2018-12-12T23:18:31+00:00\",\"dateModified\":\"2018-12-12T23:18:33+00:00\",\"breadcrumb\":{\"@id\":\"https:\/\/levysalis.com\/fr\/dans-les-nouvelles\/#breadcrumb\"},\"inLanguage\":\"fr-FR\",\"potentialAction\":[{\"@type\":\"ReadAction\",\"target\":[\"https:\/\/levysalis.com\/fr\/dans-les-nouvelles\/\"]}]},{\"@type\":\"BreadcrumbList\",\"@id\":\"https:\/\/levysalis.com\/fr\/dans-les-nouvelles\/#breadcrumb\",\"itemListElement\":[{\"@type\":\"ListItem\",\"position\":1,\"name\":\"Home\",\"item\":\"https:\/\/levysalis.com\/fr\/\"},{\"@type\":\"ListItem\",\"position\":2,\"name\":\"Dans les Nouvelles\"}]},{\"@type\":\"WebSite\",\"@id\":\"https:\/\/levysalis.com\/#website\",\"url\":\"https:\/\/levysalis.com\/\",\"name\":\"Levy Salis\",\"description\":\"Avocats &amp; Notaires | Attorneys &amp; Notaries\",\"potentialAction\":[{\"@type\":\"SearchAction\",\"target\":{\"@type\":\"EntryPoint\",\"urlTemplate\":\"https:\/\/levysalis.com\/?s={search_term_string}\"},\"query-input\":\"required name=search_term_string\"}],\"inLanguage\":\"fr-FR\"}]}<\/script>\n<!-- \/ Yoast SEO plugin. -->","yoast_head_json":{"title":"Dans les Nouvelles &#8211; Levy Salis","robots":{"index":"index","follow":"follow","max-snippet":"max-snippet:-1","max-image-preview":"max-image-preview:large","max-video-preview":"max-video-preview:-1"},"canonical":"https:\/\/levysalis.com\/fr\/dans-les-nouvelles\/","og_locale":"fr_FR","og_type":"article","og_title":"Dans les Nouvelles &#8211; Levy Salis","og_url":"https:\/\/levysalis.com\/fr\/dans-les-nouvelles\/","og_site_name":"Levy Salis","article_publisher":"https:\/\/www.facebook.com\/LevySalisLLP\/","article_modified_time":"2018-12-12T23:18:33+00:00","twitter_card":"summary_large_image","twitter_site":"@LevySalisLLP","twitter_misc":{"Dur\u00e9e de lecture estim\u00e9e":"1 minute"},"schema":{"@context":"https:\/\/schema.org","@graph":[{"@type":"WebPage","@id":"https:\/\/levysalis.com\/fr\/dans-les-nouvelles\/","url":"https:\/\/levysalis.com\/fr\/dans-les-nouvelles\/","name":"Dans les Nouvelles &#8211; Levy Salis","isPartOf":{"@id":"https:\/\/levysalis.com\/#website"},"datePublished":"2018-12-12T23:18:31+00:00","dateModified":"2018-12-12T23:18:33+00:00","breadcrumb":{"@id":"https:\/\/levysalis.com\/fr\/dans-les-nouvelles\/#breadcrumb"},"inLanguage":"fr-FR","potentialAction":[{"@type":"ReadAction","target":["https:\/\/levysalis.com\/fr\/dans-les-nouvelles\/"]}]},{"@type":"BreadcrumbList","@id":"https:\/\/levysalis.com\/fr\/dans-les-nouvelles\/#breadcrumb","itemListElement":[{"@type":"ListItem","position":1,"name":"Home","item":"https:\/\/levysalis.com\/fr\/"},{"@type":"ListItem","position":2,"name":"Dans les Nouvelles"}]},{"@type":"WebSite","@id":"https:\/\/levysalis.com\/#website","url":"https:\/\/levysalis.com\/","name":"Levy Salis","description":"Avocats &amp; Notaires | Attorneys &amp; Notaries","potentialAction":[{"@type":"SearchAction","target":{"@type":"EntryPoint","urlTemplate":"https:\/\/levysalis.com\/?s={search_term_string}"},"query-input":"required name=search_term_string"}],"inLanguage":"fr-FR"}]}},"_links":{"self":[{"href":"https:\/\/levysalis.com\/fr\/wp-json\/wp\/v2\/pages\/1619","targetHints":{"allow":["GET"]}}],"collection":[{"href":"https:\/\/levysalis.com\/fr\/wp-json\/wp\/v2\/pages"}],"about":[{"href":"https:\/\/levysalis.com\/fr\/wp-json\/wp\/v2\/types\/page"}],"author":[{"embeddable":true,"href":"https:\/\/levysalis.com\/fr\/wp-json\/wp\/v2\/users\/2"}],"replies":[{"embeddable":true,"href":"https:\/\/levysalis.com\/fr\/wp-json\/wp\/v2\/comments?post=1619"}],"version-history":[{"count":0,"href":"https:\/\/levysalis.com\/fr\/wp-json\/wp\/v2\/pages\/1619\/revisions"}],"wp:attachment":[{"href":"https:\/\/levysalis.com\/fr\/wp-json\/wp\/v2\/media?parent=1619"}],"curies":[{"name":"wp","href":"https:\/\/api.w.org\/{rel}","templated":true}]}}